{"id":964,"date":"2024-01-04T11:57:35","date_gmt":"2024-01-04T10:57:35","guid":{"rendered":"https:\/\/metsens.fr\/traiteur\/?page_id=964"},"modified":"2024-04-25T10:32:49","modified_gmt":"2024-04-25T08:32:49","slug":"la-serre","status":"publish","type":"page","link":"https:\/\/metsens.fr\/traiteur\/developpement-durable\/la-serre\/","title":{"rendered":"La serre"},"content":{"rendered":"\t\t<div data-elementor-type=\"wp-page\" data-elementor-id=\"964\" class=\"elementor elementor-964\" data-elementor-post-type=\"page\">\n\t\t\t\t<div class=\"elementor-element elementor-element-6dbae772 e-con-full e-flex e-con e-parent\" data-id=\"6dbae772\" data-element_type=\"container\" data-settings=\"{&quot;background_background&quot;:&quot;classic&quot;}\">\n\t\t<div class=\"elementor-element elementor-element-1804e105 e-con-full e-flex e-con e-child\" data-id=\"1804e105\" data-element_type=\"container\">\n\t\t\t\t<div class=\"elementor-element elementor-element-1eda42d4 elementor-widget elementor-widget-heading\" data-id=\"1eda42d4\" data-element_type=\"widget\" data-widget_type=\"heading.default\">\n\t\t\t\t<div class=\"elementor-widget-container\">\n\t\t\t\t\t<h2 class=\"elementor-heading-title elementor-size-default\">NOTRE SERRE AQUAPONIQUE<\/h2>\t\t\t\t<\/div>\n\t\t\t\t<\/div>\n\t\t\t\t<div class=\"elementor-element elementor-element-685a8fc9 elementor-widget elementor-widget-text-editor\" data-id=\"685a8fc9\" data-element_type=\"widget\" data-widget_type=\"text-editor.default\">\n\t\t\t\t<div class=\"elementor-widget-container\">\n\t\t\t\t\t\t\t\t\t<p>Le but est de produire nos propres herbes aromatiques et fleurs comestibles sur les toits d\u2019Allauch\u00a0: circuit court, qualit\u00e9 et fra\u00eecheur des produits, r\u00e9duction de l\u2019impact environnemental, renforcement de la cha\u00eene de valeur et r\u00e9duction des d\u00e9chets.<br \/><br \/><strong>L\u2019aquaponie\u00a0?<\/strong><br \/><br \/>L\u2019aquaponie est la culture de poissons et de plantes ensemble dans un \u00e9cosyst\u00e8me construit en circuit ferm\u00e9, en utilisant des cycles bact\u00e9riens naturels pour transformer les d\u00e9chets des poissons en nutriments pour les plantes.<br \/>C\u2019est une fa\u00e7on \u00e9cologique et naturelle de produire de la nourriture qui r\u00e9unit \u00e0 la fois les meilleures qualit\u00e9s de l\u2019aquaculture et de l\u2019hydroponie, sans avoir besoin de rejeter d\u2019eau, de la filtrer ou d\u2019utiliser des fertilisants chimiques.<\/p>\t\t\t\t\t\t\t\t<\/div>\n\t\t\t\t<\/div>\n\t\t\t\t<div class=\"elementor-element elementor-element-2af4347 elementor-widget elementor-widget-heading\" data-id=\"2af4347\" data-element_type=\"widget\" data-widget_type=\"heading.default\">\n\t\t\t\t<div class=\"elementor-widget-container\">\n\t\t\t\t\t<h3 class=\"elementor-heading-title elementor-size-default\">Sans cesse dans un souci d\u2019am\u00e9liorer notre politique RSE, la Maison Metsens vous pr\u00e9sente sa serre aquaponique connect\u00e9e. Autonome en \u00e9lectricit\u00e9 gr\u00e2ce au panneau solaire.\n\n<\/h3>\t\t\t\t<\/div>\n\t\t\t\t<\/div>\n\t\t\t\t<div class=\"elementor-element elementor-element-5a20aabe elementor-widget elementor-widget-image\" data-id=\"5a20aabe\" data-element_type=\"widget\" data-widget_type=\"image.default\">\n\t\t\t\t<div class=\"elementor-widget-container\">\n\t\t\t\t\t\t\t\t\t\t\t\t\t\t\t<img fetchpriority=\"high\" decoding=\"async\" width=\"800\" height=\"409\" src=\"https:\/\/metsens.fr\/traiteur\/wp-content\/uploads\/2024\/01\/MS-9345-scaled-e1704366637915-1024x524.webp\" class=\"attachment-large size-large wp-image-955\" alt=\"\" srcset=\"https:\/\/metsens.fr\/traiteur\/wp-content\/uploads\/2024\/01\/MS-9345-scaled-e1704366637915-1024x524.webp 1024w, https:\/\/metsens.fr\/traiteur\/wp-content\/uploads\/2024\/01\/MS-9345-scaled-e1704366637915-300x153.webp 300w, https:\/\/metsens.fr\/traiteur\/wp-content\/uploads\/2024\/01\/MS-9345-scaled-e1704366637915-768x393.webp 768w, https:\/\/metsens.fr\/traiteur\/wp-content\/uploads\/2024\/01\/MS-9345-scaled-e1704366637915-1536x785.webp 1536w, https:\/\/metsens.fr\/traiteur\/wp-content\/uploads\/2024\/01\/MS-9345-scaled-e1704366637915.webp 1920w\" sizes=\"(max-width: 800px) 100vw, 800px\" \/>\t\t\t\t\t\t\t\t\t\t\t\t\t\t\t<\/div>\n\t\t\t\t<\/div>\n\t\t\t\t<div class=\"elementor-element elementor-element-f33464d elementor-widget elementor-widget-text-editor\" data-id=\"f33464d\" data-element_type=\"widget\" data-widget_type=\"text-editor.default\">\n\t\t\t\t<div class=\"elementor-widget-container\">\n\t\t\t\t\t\t\t\t\t<div class=\"wpb_column vc_column_container vc_col-sm-6\"><div class=\"vc_column-inner vc_custom_1531082052776\"><div class=\"wpb_wrapper\"><div class=\"wpb_text_column wpb_content_element \"><div class=\"wpb_wrapper\"><p><em>En m\u00e9moire de mon ami Fran\u00e7ois<\/em><\/p><\/div><\/div><\/div><\/div><\/div><div class=\"wpb_column vc_column_container vc_col-sm-6\"><div class=\"vc_column-inner vc_custom_1535566242784\"><div class=\"wpb_wrapper\">\u00a0<\/div><\/div><\/div>\t\t\t\t\t\t\t\t<\/div>\n\t\t\t\t<\/div>\n\t\t\t\t<\/div>\n\t\t<div class=\"elementor-element elementor-element-a4525ed e-con-full e-flex e-con e-child\" data-id=\"a4525ed\" data-element_type=\"container\" data-settings=\"{&quot;background_background&quot;:&quot;classic&quot;}\">\n\t\t\t\t<\/div>\n\t\t\t\t<\/div>\n\t\t\t\t<\/div>\n\t\t","protected":false},"excerpt":{"rendered":"<p>\/*! elementor &#8211; v3.21.0 &#8211; 15-04-2024 *\/ .elementor-heading-title{padding:0;margin:0;line-height:1}.elementor-widget-heading .elementor-heading-title[class*=elementor-size-]&gt;a{color:inherit;font-size:inherit;line-height:inherit}.elementor-widget-heading .elementor-heading-title.elementor-size-small{font-size:15px}.elementor-widget-heading .elementor-heading-title.elementor-size-medium{font-size:19px}.elementor-widget-heading .elementor-heading-title.elementor-size-large{font-size:29px}.elementor-widget-heading .elementor-heading-title.elementor-size-xl{font-size:39px}.elementor-widget-heading .elementor-heading-title.elementor-size-xxl{font-size:59px} NOTRE SERRE AQUAPONIQUE Le but est de produire nos propres herbes aromatiques et fleurs comestibles sur les toits d\u2019Allauch\u00a0: circuit court, qualit\u00e9 et fra\u00eecheur des produits, r\u00e9duction de l\u2019impact environnemental, renforcement de la cha\u00eene de valeur et r\u00e9duction des d\u00e9chets. L\u2019aquaponie\u00a0? [&hellip;]<\/p>\n","protected":false},"author":2,"featured_media":0,"parent":148,"menu_order":0,"comment_status":"closed","ping_status":"closed","template":"","meta":{"om_disable_all_campaigns":false,"_monsterinsights_skip_tracking":false,"_monsterinsights_sitenote_active":false,"_monsterinsights_sitenote_note":"","_monsterinsights_sitenote_category":0,"_uf_show_specific_survey":0,"_uf_disable_surveys":false,"footnotes":""},"class_list":["post-964","page","type-page","status-publish","hentry"],"aioseo_notices":[],"jetpack_sharing_enabled":true,"_links":{"self":[{"href":"https:\/\/metsens.fr\/traiteur\/wp-json\/wp\/v2\/pages\/964","targetHints":{"allow":["GET"]}}],"collection":[{"href":"https:\/\/metsens.fr\/traiteur\/wp-json\/wp\/v2\/pages"}],"about":[{"href":"https:\/\/metsens.fr\/traiteur\/wp-json\/wp\/v2\/types\/page"}],"author":[{"embeddable":true,"href":"https:\/\/metsens.fr\/traiteur\/wp-json\/wp\/v2\/users\/2"}],"replies":[{"embeddable":true,"href":"https:\/\/metsens.fr\/traiteur\/wp-json\/wp\/v2\/comments?post=964"}],"version-history":[{"count":29,"href":"https:\/\/metsens.fr\/traiteur\/wp-json\/wp\/v2\/pages\/964\/revisions"}],"predecessor-version":[{"id":3744,"href":"https:\/\/metsens.fr\/traiteur\/wp-json\/wp\/v2\/pages\/964\/revisions\/3744"}],"up":[{"embeddable":true,"href":"https:\/\/metsens.fr\/traiteur\/wp-json\/wp\/v2\/pages\/148"}],"wp:attachment":[{"href":"https:\/\/metsens.fr\/traiteur\/wp-json\/wp\/v2\/media?parent=964"}],"curies":[{"name":"wp","href":"https:\/\/api.w.org\/{rel}","templated":true}]}}