{"id":562,"date":"2024-01-03T11:42:33","date_gmt":"2024-01-03T10:42:33","guid":{"rendered":"https:\/\/metsens.fr\/traiteur\/?page_id=562"},"modified":"2025-10-10T11:31:33","modified_gmt":"2025-10-10T09:31:33","slug":"les-receptions-prives","status":"publish","type":"page","link":"https:\/\/metsens.fr\/traiteur\/traiteur\/les-receptions-prives\/","title":{"rendered":"R\u00e9ceptions priv\u00e9es"},"content":{"rendered":"\t\t<div data-elementor-type=\"wp-page\" data-elementor-id=\"562\" class=\"elementor elementor-562\" data-elementor-post-type=\"page\">\n\t\t\t\t<div class=\"elementor-element elementor-element-fe453dc e-con-full e-flex e-con e-parent\" data-id=\"fe453dc\" data-element_type=\"container\" data-settings=\"{&quot;background_background&quot;:&quot;gradient&quot;}\">\n\t\t<div class=\"elementor-element elementor-element-b20a032 e-con-full e-flex e-con e-child\" data-id=\"b20a032\" data-element_type=\"container\">\n\t\t\t\t<div class=\"elementor-element elementor-element-3706aef elementor-widget elementor-widget-heading\" data-id=\"3706aef\" data-element_type=\"widget\" data-widget_type=\"heading.default\">\n\t\t\t\t<div class=\"elementor-widget-container\">\n\t\t\t\t\t<h1 class=\"elementor-heading-title elementor-size-default\">Un \u00e9v\u00e9nement \u00e0 votre image<\/h1>\t\t\t\t<\/div>\n\t\t\t\t<\/div>\n\t\t\t\t<div class=\"elementor-element elementor-element-48bf2f9 elementor-widget__width-inherit elementor-widget elementor-widget-text-editor\" data-id=\"48bf2f9\" data-element_type=\"widget\" data-widget_type=\"text-editor.default\">\n\t\t\t\t<div class=\"elementor-widget-container\">\n\t\t\t\t\t\t\t\t\t<h3 class=\"elementor-heading-title elementor-size-default elementor-inline-editing pen\" style=\"font-family: Montserrat, sans-serif; line-height: 1.4em; color: #000000; font-size: 18px; letter-spacing: 1px;\" data-elementor-setting-key=\"title\" data-pen-placeholder=\"\u00c9crivez ici...\">Un \u00e9v\u00e9nement sur-mesure<\/h3>\t\t\t\t\t\t\t\t<\/div>\n\t\t\t\t<\/div>\n\t\t\t\t<div class=\"elementor-element elementor-element-de26454 elementor-align-left elementor-mobile-align-left elementor-tablet-align-center elementor-widget__width-inherit elementor-invisible elementor-widget elementor-widget-button\" data-id=\"de26454\" data-element_type=\"widget\" data-settings=\"{&quot;_animation&quot;:&quot;fadeInUp&quot;}\" data-widget_type=\"button.default\">\n\t\t\t\t<div class=\"elementor-widget-container\">\n\t\t\t\t\t\t\t\t\t<div class=\"elementor-button-wrapper\">\n\t\t\t\t\t<a class=\"elementor-button elementor-button-link elementor-size-sm elementor-animation-grow\" href=\"https:\/\/metsens.fr\/traiteur\/contact\/\" target=\"_blank\">\n\t\t\t\t\t\t<span class=\"elementor-button-content-wrapper\">\n\t\t\t\t\t\t\t\t\t<span class=\"elementor-button-text\">nOUS CONTACTER<\/span>\n\t\t\t\t\t<\/span>\n\t\t\t\t\t<\/a>\n\t\t\t\t<\/div>\n\t\t\t\t\t\t\t\t<\/div>\n\t\t\t\t<\/div>\n\t\t\t\t<\/div>\n\t\t\t\t<div class=\"elementor-element elementor-element-efa1faf elementor-widget__width-initial elementor-widget-tablet__width-inherit elementor-widget elementor-widget-image\" data-id=\"efa1faf\" data-element_type=\"widget\" data-widget_type=\"image.default\">\n\t\t\t\t<div class=\"elementor-widget-container\">\n\t\t\t\t\t\t\t\t\t\t\t\t\t\t\t<img fetchpriority=\"high\" decoding=\"async\" width=\"768\" height=\"1024\" src=\"https:\/\/metsens.fr\/traiteur\/wp-content\/uploads\/2025\/10\/IMG_0294-768x1024.jpeg\" class=\"attachment-large size-large wp-image-4755\" alt=\"votre r\u00e9ception sur mesure avec metsens\" srcset=\"https:\/\/metsens.fr\/traiteur\/wp-content\/uploads\/2025\/10\/IMG_0294-768x1024.jpeg 768w, https:\/\/metsens.fr\/traiteur\/wp-content\/uploads\/2025\/10\/IMG_0294-225x300.jpeg 225w, https:\/\/metsens.fr\/traiteur\/wp-content\/uploads\/2025\/10\/IMG_0294-1152x1536.jpeg 1152w, https:\/\/metsens.fr\/traiteur\/wp-content\/uploads\/2025\/10\/IMG_0294-1536x2048.jpeg 1536w, https:\/\/metsens.fr\/traiteur\/wp-content\/uploads\/2025\/10\/IMG_0294-scaled.jpeg 1920w\" sizes=\"(max-width: 768px) 100vw, 768px\" \/>\t\t\t\t\t\t\t\t\t\t\t\t\t\t\t<\/div>\n\t\t\t\t<\/div>\n\t\t\t\t<\/div>\n\t\t<div class=\"elementor-element elementor-element-1052364 e-con-full e-flex e-con e-parent\" data-id=\"1052364\" data-element_type=\"container\">\n\t\t\t\t<div class=\"elementor-element elementor-element-f090e96 elementor-widget__width-auto elementor-widget-mobile__width-inherit elementor-hidden-tablet animated-fast elementor-invisible elementor-widget elementor-widget-heading\" data-id=\"f090e96\" data-element_type=\"widget\" data-settings=\"{&quot;_animation&quot;:&quot;fadeInRight&quot;}\" data-widget_type=\"heading.default\">\n\t\t\t\t<div class=\"elementor-widget-container\">\n\t\t\t\t\t<p class=\"elementor-heading-title elementor-size-default\">A<\/p>\t\t\t\t<\/div>\n\t\t\t\t<\/div>\n\t\t<div class=\"elementor-element elementor-element-a3d0da8 e-con-full e-flex e-con e-child\" data-id=\"a3d0da8\" data-element_type=\"container\">\n\t\t\t\t<div class=\"elementor-element elementor-element-344b1ec animated-slow elementor-invisible elementor-widget elementor-widget-icon-box\" data-id=\"344b1ec\" data-element_type=\"widget\" data-settings=\"{&quot;_animation&quot;:&quot;fadeIn&quot;,&quot;_animation_delay&quot;:&quot;100&quot;}\" data-widget_type=\"icon-box.default\">\n\t\t\t\t<div class=\"elementor-widget-container\">\n\t\t\t\t\t\t\t<div class=\"elementor-icon-box-wrapper\">\n\n\t\t\t\n\t\t\t\t\t\t<div class=\"elementor-icon-box-content\">\n\n\t\t\t\t\t\t\t\t\t<h4 class=\"elementor-icon-box-title\">\n\t\t\t\t\t\t<span  >\n\t\t\t\t\t\t\tANNIVERSAIRE\t\t\t\t\t\t<\/span>\n\t\t\t\t\t<\/h4>\n\t\t\t\t\n\t\t\t\t\t\t\t\t\t<p class=\"elementor-icon-box-description\">\n\t\t\t\t\t\tC\u00e9l\u00e9brez les moments sp\u00e9ciaux de la vie avec notre service traiteur exceptionnel. Des anniversaires m\u00e9morables cr\u00e9\u00e9s sur mesure pour vous et vos proches. Laissez-nous transformer votre journ\u00e9e sp\u00e9ciale en une exp\u00e9rience culinaire inoubliable.\t\t\t\t\t<\/p>\n\t\t\t\t\n\t\t\t<\/div>\n\t\t\t\n\t\t<\/div>\n\t\t\t\t\t\t<\/div>\n\t\t\t\t<\/div>\n\t\t\t\t<\/div>\n\t\t\t\t<div class=\"elementor-element elementor-element-0fc13f3 elementor-widget__width-auto elementor-widget-mobile__width-inherit elementor-hidden-tablet elementor-invisible elementor-widget elementor-widget-heading\" data-id=\"0fc13f3\" data-element_type=\"widget\" data-settings=\"{&quot;_animation&quot;:&quot;fadeInRight&quot;}\" data-widget_type=\"heading.default\">\n\t\t\t\t<div class=\"elementor-widget-container\">\n\t\t\t\t\t<p class=\"elementor-heading-title elementor-size-default\">B<\/p>\t\t\t\t<\/div>\n\t\t\t\t<\/div>\n\t\t<div class=\"elementor-element elementor-element-d120e1d e-con-full e-flex e-con e-child\" data-id=\"d120e1d\" data-element_type=\"container\">\n\t\t\t\t<div class=\"elementor-element elementor-element-97afa89 animated-slow elementor-invisible elementor-widget elementor-widget-icon-box\" data-id=\"97afa89\" data-element_type=\"widget\" data-settings=\"{&quot;_animation&quot;:&quot;fadeIn&quot;,&quot;_animation_delay&quot;:&quot;100&quot;}\" data-widget_type=\"icon-box.default\">\n\t\t\t\t<div class=\"elementor-widget-container\">\n\t\t\t\t\t\t\t<div class=\"elementor-icon-box-wrapper\">\n\n\t\t\t\n\t\t\t\t\t\t<div class=\"elementor-icon-box-content\">\n\n\t\t\t\t\t\t\t\t\t<h4 class=\"elementor-icon-box-title\">\n\t\t\t\t\t\t<span  >\n\t\t\t\t\t\t\tBAPT\u00caME\t\t\t\t\t\t<\/span>\n\t\t\t\t\t<\/h4>\n\t\t\t\t\n\t\t\t\t\t\t\t\t\t<p class=\"elementor-icon-box-description\">\n\t\t\t\t\t\tLaissez-nous vous aider \u00e0 cr\u00e9er une c\u00e9r\u00e9monie de bapt\u00eame m\u00e9morable et pleine de sens pour c\u00e9l\u00e9brer l'arriv\u00e9e de votre enfant dans la communaut\u00e9 chr\u00e9tienne. Que vous organisiez une c\u00e9r\u00e9monie intime en famille ou une grande r\u00e9ception avec vos proches et vos amis, notre \u00e9quipe est l\u00e0 pour vous accompagner \u00e0 chaque \u00e9tape du processus.\t\t\t\t\t<\/p>\n\t\t\t\t\n\t\t\t<\/div>\n\t\t\t\n\t\t<\/div>\n\t\t\t\t\t\t<\/div>\n\t\t\t\t<\/div>\n\t\t\t\t<\/div>\n\t\t\t\t<div class=\"elementor-element elementor-element-00f9528 elementor-widget__width-auto elementor-widget-mobile__width-inherit elementor-hidden-tablet animated-slow elementor-invisible elementor-widget elementor-widget-heading\" data-id=\"00f9528\" data-element_type=\"widget\" data-settings=\"{&quot;_animation&quot;:&quot;fadeInRight&quot;}\" data-widget_type=\"heading.default\">\n\t\t\t\t<div class=\"elementor-widget-container\">\n\t\t\t\t\t<p class=\"elementor-heading-title elementor-size-default\">C<\/p>\t\t\t\t<\/div>\n\t\t\t\t<\/div>\n\t\t<div class=\"elementor-element elementor-element-0a81173 e-con-full e-flex e-con e-child\" data-id=\"0a81173\" data-element_type=\"container\">\n\t\t\t\t<div class=\"elementor-element elementor-element-16a5de3 animated-slow elementor-invisible elementor-widget elementor-widget-icon-box\" data-id=\"16a5de3\" data-element_type=\"widget\" data-settings=\"{&quot;_animation&quot;:&quot;fadeIn&quot;,&quot;_animation_delay&quot;:&quot;100&quot;}\" data-widget_type=\"icon-box.default\">\n\t\t\t\t<div class=\"elementor-widget-container\">\n\t\t\t\t\t\t\t<div class=\"elementor-icon-box-wrapper\">\n\n\t\t\t\n\t\t\t\t\t\t<div class=\"elementor-icon-box-content\">\n\n\t\t\t\t\t\t\t\t\t<h4 class=\"elementor-icon-box-title\">\n\t\t\t\t\t\t<span  >\n\t\t\t\t\t\t\tCOMMUNION\t\t\t\t\t\t<\/span>\n\t\t\t\t\t<\/h4>\n\t\t\t\t\n\t\t\t\t\t\t\t\t\t<p class=\"elementor-icon-box-description\">\n\t\t\t\t\t\tDonnez une touche de magie \u00e0 la c\u00e9l\u00e9bration du Communion de votre enfant. Notre \u00e9quipe d\u00e9vou\u00e9e se charge de chaque d\u00e9tail, vous permettant de vous concentrer sur les moments pr\u00e9cieux avec votre famille. Cr\u00e9ez des souvenirs enchant\u00e9s avec notre service traiteur unique\t\t\t\t\t<\/p>\n\t\t\t\t\n\t\t\t<\/div>\n\t\t\t\n\t\t<\/div>\n\t\t\t\t\t\t<\/div>\n\t\t\t\t<\/div>\n\t\t\t\t<\/div>\n\t\t\t\t<\/div>\n\t\t<div class=\"elementor-element elementor-element-8d1d7ce e-con-full e-flex e-con e-parent\" data-id=\"8d1d7ce\" data-element_type=\"container\">\n\t\t\t\t<div class=\"elementor-element elementor-element-82abdad elementor-widget__width-auto elementor-widget-mobile__width-inherit elementor-hidden-tablet elementor-invisible elementor-widget elementor-widget-heading\" data-id=\"82abdad\" data-element_type=\"widget\" data-settings=\"{&quot;_animation&quot;:&quot;fadeInRight&quot;}\" data-widget_type=\"heading.default\">\n\t\t\t\t<div class=\"elementor-widget-container\">\n\t\t\t\t\t<p class=\"elementor-heading-title elementor-size-default\">F<\/p>\t\t\t\t<\/div>\n\t\t\t\t<\/div>\n\t\t<div class=\"elementor-element elementor-element-8c04871 e-con-full e-flex e-con e-child\" data-id=\"8c04871\" data-element_type=\"container\">\n\t\t\t\t<div class=\"elementor-element elementor-element-787c82d animated-slow elementor-invisible elementor-widget elementor-widget-icon-box\" data-id=\"787c82d\" data-element_type=\"widget\" data-settings=\"{&quot;_animation&quot;:&quot;fadeIn&quot;,&quot;_animation_delay&quot;:&quot;100&quot;}\" data-widget_type=\"icon-box.default\">\n\t\t\t\t<div class=\"elementor-widget-container\">\n\t\t\t\t\t\t\t<div class=\"elementor-icon-box-wrapper\">\n\n\t\t\t\n\t\t\t\t\t\t<div class=\"elementor-icon-box-content\">\n\n\t\t\t\t\t\t\t\t\t<h4 class=\"elementor-icon-box-title\">\n\t\t\t\t\t\t<span  >\n\t\t\t\t\t\t\tF\u00caTE FAMILALE\t\t\t\t\t\t<\/span>\n\t\t\t\t\t<\/h4>\n\t\t\t\t\n\t\t\t\t\t\t\t\t\t<p class=\"elementor-icon-box-description\">\n\t\t\t\t\t\tChez Metsens, nous comprenons l'importance des moments partag\u00e9s en famille, c'est pourquoi nous mettons tout en \u0153uvre pour rendre votre f\u00eate m\u00e9morable : notre service traiteur est l\u00e0 pour vous offrir une exp\u00e9rience gastronomique exceptionnelle en prenant tout en main pour vous et pour un co\u00fbt mesur\u00e9 au plus pr\u00e8s.\t\t\t\t\t<\/p>\n\t\t\t\t\n\t\t\t<\/div>\n\t\t\t\n\t\t<\/div>\n\t\t\t\t\t\t<\/div>\n\t\t\t\t<\/div>\n\t\t\t\t<\/div>\n\t\t\t\t<div class=\"elementor-element elementor-element-53eac04 elementor-widget__width-auto elementor-widget-mobile__width-inherit elementor-hidden-tablet elementor-invisible elementor-widget elementor-widget-heading\" data-id=\"53eac04\" data-element_type=\"widget\" data-settings=\"{&quot;_animation&quot;:&quot;fadeInRight&quot;}\" data-widget_type=\"heading.default\">\n\t\t\t\t<div class=\"elementor-widget-container\">\n\t\t\t\t\t<p class=\"elementor-heading-title elementor-size-default\">M<\/p>\t\t\t\t<\/div>\n\t\t\t\t<\/div>\n\t\t<div class=\"elementor-element elementor-element-283b2cf e-con-full e-flex e-con e-child\" data-id=\"283b2cf\" data-element_type=\"container\">\n\t\t\t\t<div class=\"elementor-element elementor-element-2f2e820 animated-slow elementor-invisible elementor-widget elementor-widget-icon-box\" data-id=\"2f2e820\" data-element_type=\"widget\" data-settings=\"{&quot;_animation&quot;:&quot;fadeIn&quot;,&quot;_animation_delay&quot;:&quot;100&quot;}\" data-widget_type=\"icon-box.default\">\n\t\t\t\t<div class=\"elementor-widget-container\">\n\t\t\t\t\t\t\t<div class=\"elementor-icon-box-wrapper\">\n\n\t\t\t\n\t\t\t\t\t\t<div class=\"elementor-icon-box-content\">\n\n\t\t\t\t\t\t\t\t\t<h4 class=\"elementor-icon-box-title\">\n\t\t\t\t\t\t<span  >\n\t\t\t\t\t\t\tMARIAGE\t\t\t\t\t\t<\/span>\n\t\t\t\t\t<\/h4>\n\t\t\t\t\n\t\t\t\t\t\t\t\t\t<p class=\"elementor-icon-box-description\">\n\t\t\t\t\t\tPour le jour o\u00f9 chaque d\u00e9tail compte, confiez-nous la cr\u00e9ation de votre mariage parfait. Des saveurs exquises aux pr\u00e9sentations \u00e9l\u00e9gantes, notre \u00e9quipe met tout en \u0153uvre pour faire de votre journ\u00e9e de mariage un festin d'amour et de d\u00e9lices.\t\t\t\t\t<\/p>\n\t\t\t\t\n\t\t\t<\/div>\n\t\t\t\n\t\t<\/div>\n\t\t\t\t\t\t<\/div>\n\t\t\t\t<\/div>\n\t\t\t\t<\/div>\n\t\t\t\t<div class=\"elementor-element elementor-element-6f4c22e elementor-widget__width-auto elementor-widget-mobile__width-inherit elementor-hidden-tablet animated-slow elementor-invisible elementor-widget elementor-widget-heading\" data-id=\"6f4c22e\" data-element_type=\"widget\" data-settings=\"{&quot;_animation&quot;:&quot;fadeInRight&quot;,&quot;_animation_delay&quot;:400}\" data-widget_type=\"heading.default\">\n\t\t\t\t<div class=\"elementor-widget-container\">\n\t\t\t\t\t<p class=\"elementor-heading-title elementor-size-default\">R<br>\nS<\/p>\t\t\t\t<\/div>\n\t\t\t\t<\/div>\n\t\t<div class=\"elementor-element elementor-element-369c7a0 e-con-full e-flex e-con e-child\" data-id=\"369c7a0\" data-element_type=\"container\">\n\t\t\t\t<div class=\"elementor-element elementor-element-53c3139 animated-slow elementor-invisible elementor-widget elementor-widget-icon-box\" data-id=\"53c3139\" data-element_type=\"widget\" data-settings=\"{&quot;_animation&quot;:&quot;fadeIn&quot;,&quot;_animation_delay&quot;:&quot;100&quot;}\" data-widget_type=\"icon-box.default\">\n\t\t\t\t<div class=\"elementor-widget-container\">\n\t\t\t\t\t\t\t<div class=\"elementor-icon-box-wrapper\">\n\n\t\t\t\n\t\t\t\t\t\t<div class=\"elementor-icon-box-content\">\n\n\t\t\t\t\t\t\t\t\t<h4 class=\"elementor-icon-box-title\">\n\t\t\t\t\t\t<span  >\n\t\t\t\t\t\t\tREVEILLONS\t\t\t\t\t\t<\/span>\n\t\t\t\t\t<\/h4>\n\t\t\t\t\n\t\t\t\t\n\t\t\t<\/div>\n\t\t\t\n\t\t<\/div>\n\t\t\t\t\t\t<\/div>\n\t\t\t\t<\/div>\n\t\t\t\t<div class=\"elementor-element elementor-element-6fef60f animated-slow elementor-invisible elementor-widget elementor-widget-icon-box\" data-id=\"6fef60f\" data-element_type=\"widget\" data-settings=\"{&quot;_animation&quot;:&quot;fadeIn&quot;,&quot;_animation_delay&quot;:&quot;100&quot;}\" data-widget_type=\"icon-box.default\">\n\t\t\t\t<div class=\"elementor-widget-container\">\n\t\t\t\t\t\t\t<div class=\"elementor-icon-box-wrapper\">\n\n\t\t\t\n\t\t\t\t\t\t<div class=\"elementor-icon-box-content\">\n\n\t\t\t\t\t\t\t\t\t<h4 class=\"elementor-icon-box-title\">\n\t\t\t\t\t\t<span  >\n\t\t\t\t\t\t\tSAINT VALENTIN\t\t\t\t\t\t<\/span>\n\t\t\t\t\t<\/h4>\n\t\t\t\t\n\t\t\t\t\n\t\t\t<\/div>\n\t\t\t\n\t\t<\/div>\n\t\t\t\t\t\t<\/div>\n\t\t\t\t<\/div>\n\t\t\t\t<\/div>\n\t\t\t\t<\/div>\n\t\t<div class=\"elementor-element elementor-element-08fe0dc e-con-full e-flex e-con e-parent\" data-id=\"08fe0dc\" data-element_type=\"container\">\n\t\t\t\t<div class=\"elementor-element elementor-element-e2800d9 elementor-widget elementor-widget-spacer\" data-id=\"e2800d9\" data-element_type=\"widget\" data-widget_type=\"spacer.default\">\n\t\t\t\t<div class=\"elementor-widget-container\">\n\t\t\t\t\t\t\t<div class=\"elementor-spacer\">\n\t\t\t<div class=\"elementor-spacer-inner\"><\/div>\n\t\t<\/div>\n\t\t\t\t\t\t<\/div>\n\t\t\t\t<\/div>\n\t\t\t\t<div class=\"elementor-element elementor-element-8a2d9ea elementor-arrows-position-inside elementor-pagination-position-outside elementor-widget elementor-widget-image-carousel\" data-id=\"8a2d9ea\" data-element_type=\"widget\" data-settings=\"{&quot;navigation&quot;:&quot;both&quot;,&quot;autoplay&quot;:&quot;yes&quot;,&quot;pause_on_hover&quot;:&quot;yes&quot;,&quot;pause_on_interaction&quot;:&quot;yes&quot;,&quot;autoplay_speed&quot;:5000,&quot;infinite&quot;:&quot;yes&quot;,&quot;speed&quot;:500}\" data-widget_type=\"image-carousel.default\">\n\t\t\t\t<div class=\"elementor-widget-container\">\n\t\t\t\t\t\t\t<div class=\"elementor-image-carousel-wrapper swiper\" role=\"region\" aria-roledescription=\"carousel\" aria-label=\"Carrousel d\u2019images\" dir=\"ltr\">\n\t\t\t<div class=\"elementor-image-carousel swiper-wrapper\" aria-live=\"off\">\n\t\t\t\t\t\t\t\t<div class=\"swiper-slide\" role=\"group\" aria-roledescription=\"slide\" aria-label=\"1 sur 5\"><figure class=\"swiper-slide-inner\"><img decoding=\"async\" class=\"swiper-slide-image\" src=\"https:\/\/metsens.fr\/traiteur\/wp-content\/uploads\/elementor\/thumbs\/PrintempsdePaques163sur360-scaled-qn7yy53zp908k3keulb5w8l9y2stem70zc8gicfpeg.webp\" alt=\"PrintempsdePaques(163sur360)\" \/><\/figure><\/div><div class=\"swiper-slide\" role=\"group\" aria-roledescription=\"slide\" aria-label=\"2 sur 5\"><figure class=\"swiper-slide-inner\"><img decoding=\"async\" class=\"swiper-slide-image\" src=\"https:\/\/metsens.fr\/traiteur\/wp-content\/uploads\/elementor\/thumbs\/PrintempsdePaques289sur360-scaled-qn7yw3skw67veiiwqpm9hr3bm0u6q83yp9cl2rgevs.webp\" alt=\"PrintempsdePaques(289sur360)\" \/><\/figure><\/div><div class=\"swiper-slide\" role=\"group\" aria-roledescription=\"slide\" aria-label=\"3 sur 5\"><figure class=\"swiper-slide-inner\"><img decoding=\"async\" class=\"swiper-slide-image\" src=\"https:\/\/metsens.fr\/traiteur\/wp-content\/uploads\/elementor\/thumbs\/PrintempsdePaques264sur360-scaled-qn7ywkpob6v17hubzwxjqmtmayiskrz4rl3bpqrbrs.webp\" alt=\"PrintempsdePaques(264sur360)\" \/><\/figure><\/div><div class=\"swiper-slide\" role=\"group\" aria-roledescription=\"slide\" aria-label=\"4 sur 5\"><figure class=\"swiper-slide-inner\"><img decoding=\"async\" class=\"swiper-slide-image\" src=\"https:\/\/metsens.fr\/traiteur\/wp-content\/uploads\/elementor\/thumbs\/PrintempsdePaques320sur360-scaled-qn7yvlxnabjf9x8umzwcodlkbpa7nz52asycyi6w60.webp\" alt=\"PrintempsdePaques(320sur360)\" \/><\/figure><\/div><div class=\"swiper-slide\" role=\"group\" aria-roledescription=\"slide\" aria-label=\"5 sur 5\"><figure class=\"swiper-slide-inner\"><img decoding=\"async\" class=\"swiper-slide-image\" src=\"https:\/\/metsens.fr\/traiteur\/wp-content\/uploads\/elementor\/thumbs\/Thomas-Bertini-Photography-452-qn80ltv1oippsov8be4b86czwwlw6p5f6rkfkvxqag.webp\" alt=\"Thomas Bertini Photography-452\" \/><\/figure><\/div>\t\t\t<\/div>\n\t\t\t\t\t\t\t\t\t\t\t\t<div class=\"elementor-swiper-button elementor-swiper-button-prev\" role=\"button\" tabindex=\"0\">\n\t\t\t\t\t\t<svg aria-hidden=\"true\" class=\"e-font-icon-svg e-eicon-chevron-left\" viewBox=\"0 0 1000 1000\" xmlns=\"http:\/\/www.w3.org\/2000\/svg\"><path d=\"M646 125C629 125 613 133 604 142L308 442C296 454 292 471 292 487 292 504 296 521 308 533L604 854C617 867 629 875 646 875 663 875 679 871 692 858 704 846 713 829 713 812 713 796 708 779 692 767L438 487 692 225C700 217 708 204 708 187 708 171 704 154 692 142 675 129 663 125 646 125Z\"><\/path><\/svg>\t\t\t\t\t<\/div>\n\t\t\t\t\t<div class=\"elementor-swiper-button elementor-swiper-button-next\" role=\"button\" tabindex=\"0\">\n\t\t\t\t\t\t<svg aria-hidden=\"true\" class=\"e-font-icon-svg e-eicon-chevron-right\" viewBox=\"0 0 1000 1000\" xmlns=\"http:\/\/www.w3.org\/2000\/svg\"><path d=\"M696 533C708 521 713 504 713 487 713 471 708 454 696 446L400 146C388 133 375 125 354 125 338 125 325 129 313 142 300 154 292 171 292 187 292 204 296 221 308 233L563 492 304 771C292 783 288 800 288 817 288 833 296 850 308 863 321 871 338 875 354 875 371 875 388 867 400 854L696 533Z\"><\/path><\/svg>\t\t\t\t\t<\/div>\n\t\t\t\t\n\t\t\t\t\t\t\t\t\t<div class=\"swiper-pagination\"><\/div>\n\t\t\t\t\t\t\t\t\t<\/div>\n\t\t\t\t\t\t<\/div>\n\t\t\t\t<\/div>\n\t\t\t\t<\/div>\n\t\t<div class=\"elementor-element elementor-element-7b639ad e-con-full e-flex e-con e-parent\" data-id=\"7b639ad\" data-element_type=\"container\">\n\t\t\t\t<div class=\"elementor-element elementor-element-3eb08b1 elementor-widget elementor-widget-spacer\" data-id=\"3eb08b1\" data-element_type=\"widget\" data-widget_type=\"spacer.default\">\n\t\t\t\t<div class=\"elementor-widget-container\">\n\t\t\t\t\t\t\t<div class=\"elementor-spacer\">\n\t\t\t<div class=\"elementor-spacer-inner\"><\/div>\n\t\t<\/div>\n\t\t\t\t\t\t<\/div>\n\t\t\t\t<\/div>\n\t\t\t\t<div class=\"elementor-element elementor-element-c627019 elementor-widget__width-inherit elementor-cta--skin-cover elementor-animated-content elementor-bg-transform elementor-bg-transform-zoom-in elementor-widget elementor-widget-call-to-action\" data-id=\"c627019\" data-element_type=\"widget\" data-widget_type=\"call-to-action.default\">\n\t\t\t\t<div class=\"elementor-widget-container\">\n\t\t\t\t\t\t\t<div class=\"elementor-cta\">\n\t\t\t\t\t<div class=\"elementor-cta__bg-wrapper\">\n\t\t\t\t<div class=\"elementor-cta__bg elementor-bg\" style=\"background-image: url(https:\/\/metsens.fr\/traiteur\/wp-content\/uploads\/2024\/01\/MS-8612-1-scaled-e1704200181448-1024x463.webp);\" role=\"img\" aria-label=\"MS-8612\"><\/div>\n\t\t\t\t<div class=\"elementor-cta__bg-overlay\"><\/div>\n\t\t\t<\/div>\n\t\t\t\t\t\t\t<div class=\"elementor-cta__content\">\n\t\t\t\t\n\t\t\t\t\t\t\t\t\t<h2 class=\"elementor-cta__title elementor-cta__content-item elementor-content-item elementor-animated-item--grow\">\n\t\t\t\t\t\tContactez-nous !\t\t\t\t\t<\/h2>\n\t\t\t\t\n\t\t\t\t\t\t\t\t\t<div class=\"elementor-cta__description elementor-cta__content-item elementor-content-item elementor-animated-item--grow\">\n\t\t\t\t\t\tBesoin d'aide ou de conseils suppl\u00e9mentaires ? \nContactez-nous en un seul clic !\t\t\t\t\t<\/div>\n\t\t\t\t\n\t\t\t\t\t\t\t\t\t<div class=\"elementor-cta__button-wrapper elementor-cta__content-item elementor-content-item elementor-animated-item--grow\">\n\t\t\t\t\t<a class=\"elementor-cta__button elementor-button elementor-size-\" href=\"https:\/\/metsens.fr\/traiteur\/contact\/\" target=\"_blank\">\n\t\t\t\t\t\tDemander un devis\t\t\t\t\t<\/a>\n\t\t\t\t\t<\/div>\n\t\t\t\t\t\t\t<\/div>\n\t\t\t\t\t\t<\/div>\n\t\t\t\t\t\t<\/div>\n\t\t\t\t<\/div>\n\t\t\t\t<\/div>\n\t\t\t\t<\/div>\n\t\t","protected":false},"excerpt":{"rendered":"<p>Un \u00e9v\u00e9nement \u00e0 votre image Un \u00e9v\u00e9nement sur-mesure nOUS CONTACTER A ANNIVERSAIRE C\u00e9l\u00e9brez les moments sp\u00e9ciaux de la vie avec notre service traiteur exceptionnel. Des anniversaires m\u00e9morables cr\u00e9\u00e9s sur mesure pour vous et vos proches. Laissez-nous transformer votre journ\u00e9e sp\u00e9ciale en une exp\u00e9rience culinaire inoubliable. B BAPT\u00caME Laissez-nous vous aider \u00e0 cr\u00e9er une c\u00e9r\u00e9monie de [&hellip;]<\/p>\n","protected":false},"author":2,"featured_media":0,"parent":142,"menu_order":0,"comment_status":"closed","ping_status":"closed","template":"","meta":{"om_disable_all_campaigns":false,"_monsterinsights_skip_tracking":false,"_monsterinsights_sitenote_active":false,"_monsterinsights_sitenote_note":"","_monsterinsights_sitenote_category":0,"_uf_show_specific_survey":0,"_uf_disable_surveys":false,"footnotes":""},"class_list":["post-562","page","type-page","status-publish","hentry"],"aioseo_notices":[],"jetpack_sharing_enabled":true,"_links":{"self":[{"href":"https:\/\/metsens.fr\/traiteur\/wp-json\/wp\/v2\/pages\/562","targetHints":{"allow":["GET"]}}],"collection":[{"href":"https:\/\/metsens.fr\/traiteur\/wp-json\/wp\/v2\/pages"}],"about":[{"href":"https:\/\/metsens.fr\/traiteur\/wp-json\/wp\/v2\/types\/page"}],"author":[{"embeddable":true,"href":"https:\/\/metsens.fr\/traiteur\/wp-json\/wp\/v2\/users\/2"}],"replies":[{"embeddable":true,"href":"https:\/\/metsens.fr\/traiteur\/wp-json\/wp\/v2\/comments?post=562"}],"version-history":[{"count":118,"href":"https:\/\/metsens.fr\/traiteur\/wp-json\/wp\/v2\/pages\/562\/revisions"}],"predecessor-version":[{"id":4758,"href":"https:\/\/metsens.fr\/traiteur\/wp-json\/wp\/v2\/pages\/562\/revisions\/4758"}],"up":[{"embeddable":true,"href":"https:\/\/metsens.fr\/traiteur\/wp-json\/wp\/v2\/pages\/142"}],"wp:attachment":[{"href":"https:\/\/metsens.fr\/traiteur\/wp-json\/wp\/v2\/media?parent=562"}],"curies":[{"name":"wp","href":"https:\/\/api.w.org\/{rel}","templated":true}]}}