{"id":560,"date":"2024-01-03T11:42:18","date_gmt":"2024-01-03T10:42:18","guid":{"rendered":"https:\/\/metsens.fr\/traiteur\/?page_id=560"},"modified":"2025-11-19T10:11:10","modified_gmt":"2025-11-19T09:11:10","slug":"receptions-dentreprises","status":"publish","type":"page","link":"https:\/\/metsens.fr\/traiteur\/traiteur\/receptions-dentreprises\/","title":{"rendered":"R\u00e9ceptions d&rsquo;entreprises"},"content":{"rendered":"\t\t<div data-elementor-type=\"wp-page\" data-elementor-id=\"560\" class=\"elementor elementor-560\" data-elementor-post-type=\"page\">\n\t\t\t\t<div class=\"elementor-element elementor-element-328721e e-con-full e-flex e-con e-parent\" data-id=\"328721e\" data-element_type=\"container\" data-settings=\"{&quot;background_background&quot;:&quot;gradient&quot;}\">\n\t\t<div class=\"elementor-element elementor-element-2a5cf97b e-con-full e-flex e-con e-child\" data-id=\"2a5cf97b\" data-element_type=\"container\">\n\t\t\t\t<div class=\"elementor-element elementor-element-1d414fab elementor-widget elementor-widget-heading\" data-id=\"1d414fab\" data-element_type=\"widget\" data-widget_type=\"heading.default\">\n\t\t\t\t<div class=\"elementor-widget-container\">\n\t\t\t\t\t<h1 class=\"elementor-heading-title elementor-size-default\">Les r\u00e9ceptions d'entreprises<\/h1>\t\t\t\t<\/div>\n\t\t\t\t<\/div>\n\t\t\t\t<div class=\"elementor-element elementor-element-302522f elementor-widget__width-inherit elementor-widget elementor-widget-text-editor\" data-id=\"302522f\" data-element_type=\"widget\" data-widget_type=\"text-editor.default\">\n\t\t\t\t<div class=\"elementor-widget-container\">\n\t\t\t\t\t\t\t\t\t<h3 class=\"elementor-heading-title elementor-size-default elementor-inline-editing pen\" style=\"font-family: Montserrat, sans-serif; line-height: 1.4em; color: #000000; font-size: 18px; letter-spacing: 1px;\" data-elementor-setting-key=\"title\" data-pen-placeholder=\"\u00c9crivez ici...\">Un \u00e9v\u00e9nement sur-mesure<\/h3>\t\t\t\t\t\t\t\t<\/div>\n\t\t\t\t<\/div>\n\t\t\t\t<div class=\"elementor-element elementor-element-33cabd4c elementor-align-left elementor-mobile-align-left elementor-tablet-align-center elementor-widget__width-inherit elementor-invisible elementor-widget elementor-widget-button\" data-id=\"33cabd4c\" data-element_type=\"widget\" data-settings=\"{&quot;_animation&quot;:&quot;fadeInUp&quot;}\" data-widget_type=\"button.default\">\n\t\t\t\t<div class=\"elementor-widget-container\">\n\t\t\t\t\t\t\t\t\t<div class=\"elementor-button-wrapper\">\n\t\t\t\t\t<a class=\"elementor-button elementor-button-link elementor-size-sm elementor-animation-grow\" href=\"https:\/\/metsens.fr\/traiteur\/contact\/\" target=\"_blank\">\n\t\t\t\t\t\t<span class=\"elementor-button-content-wrapper\">\n\t\t\t\t\t\t\t\t\t<span class=\"elementor-button-text\">nOUS CONTACTER<\/span>\n\t\t\t\t\t<\/span>\n\t\t\t\t\t<\/a>\n\t\t\t\t<\/div>\n\t\t\t\t\t\t\t\t<\/div>\n\t\t\t\t<\/div>\n\t\t\t\t<\/div>\n\t\t\t\t<div class=\"elementor-element elementor-element-3d9c7f05 elementor-widget__width-initial elementor-widget-tablet__width-inherit elementor-invisible elementor-widget elementor-widget-image\" data-id=\"3d9c7f05\" data-element_type=\"widget\" data-settings=\"{&quot;_animation&quot;:&quot;fadeIn&quot;}\" data-widget_type=\"image.default\">\n\t\t\t\t<div class=\"elementor-widget-container\">\n\t\t\t\t\t\t\t\t\t\t\t\t\t\t\t<img fetchpriority=\"high\" decoding=\"async\" width=\"683\" height=\"1024\" src=\"https:\/\/metsens.fr\/traiteur\/wp-content\/uploads\/2025\/11\/Aperitif-683x1024.jpg\" class=\"attachment-large size-large wp-image-4795\" alt=\"vos r\u00e9ceptions d&#039;entreprise\" srcset=\"https:\/\/metsens.fr\/traiteur\/wp-content\/uploads\/2025\/11\/Aperitif-683x1024.jpg 683w, https:\/\/metsens.fr\/traiteur\/wp-content\/uploads\/2025\/11\/Aperitif-200x300.jpg 200w, https:\/\/metsens.fr\/traiteur\/wp-content\/uploads\/2025\/11\/Aperitif-768x1152.jpg 768w, https:\/\/metsens.fr\/traiteur\/wp-content\/uploads\/2025\/11\/Aperitif-1024x1536.jpg 1024w, https:\/\/metsens.fr\/traiteur\/wp-content\/uploads\/2025\/11\/Aperitif-scaled.jpg 1707w\" sizes=\"(max-width: 683px) 100vw, 683px\" \/>\t\t\t\t\t\t\t\t\t\t\t\t\t\t\t<\/div>\n\t\t\t\t<\/div>\n\t\t\t\t<\/div>\n\t\t<div class=\"elementor-element elementor-element-7cec86a e-con-full e-flex e-con e-parent\" data-id=\"7cec86a\" data-element_type=\"container\">\n\t\t\t\t<div class=\"elementor-element elementor-element-635b970 elementor-widget__width-auto elementor-widget-mobile__width-inherit elementor-invisible elementor-widget elementor-widget-heading\" data-id=\"635b970\" data-element_type=\"widget\" data-settings=\"{&quot;_animation&quot;:&quot;fadeInRight&quot;}\" data-widget_type=\"heading.default\">\n\t\t\t\t<div class=\"elementor-widget-container\">\n\t\t\t\t\t<p class=\"elementor-heading-title elementor-size-default\">01<\/p>\t\t\t\t<\/div>\n\t\t\t\t<\/div>\n\t\t<div class=\"elementor-element elementor-element-17bb0e4 e-con-full e-flex e-con e-child\" data-id=\"17bb0e4\" data-element_type=\"container\">\n\t\t\t\t<div class=\"elementor-element elementor-element-6a686cc animated-slow elementor-invisible elementor-widget elementor-widget-icon-box\" data-id=\"6a686cc\" data-element_type=\"widget\" data-settings=\"{&quot;_animation&quot;:&quot;fadeIn&quot;,&quot;_animation_delay&quot;:&quot;100&quot;}\" data-widget_type=\"icon-box.default\">\n\t\t\t\t<div class=\"elementor-widget-container\">\n\t\t\t\t\t\t\t<div class=\"elementor-icon-box-wrapper\">\n\n\t\t\t\n\t\t\t\t\t\t<div class=\"elementor-icon-box-content\">\n\n\t\t\t\t\t\t\t\t\t<h4 class=\"elementor-icon-box-title\">\n\t\t\t\t\t\t<span  >\n\t\t\t\t\t\t\tMETSENS\t\t\t\t\t\t<\/span>\n\t\t\t\t\t<\/h4>\n\t\t\t\t\n\t\t\t\t\t\t\t\t\t<p class=\"elementor-icon-box-description\">\n\t\t\t\t\t\tLa Maison Metsens vous accompagne pour chaque occasion\u00a0: petit d\u00e9jeuner, d\u00e9jeuner, cocktail, d\u00eener, repas de travail ou soir\u00e9e de gala qui marqueront les sens.\nNous mettons tout notre savoir-faire au service de votre \u00e9v\u00e9nement. Nous vous accompagnons dans la conception et la r\u00e9alisation en ma\u00eetrisant chaque maillon de la cha\u00eene pour une prestation sur-mesure, de la recherche d\u2019un lieu \u00e0 la sc\u00e9nographie, ou encore la mise en place d\u2019animations, son et lumi\u00e8res, fleuristes, dans le respect de vos imp\u00e9ratifs budg\u00e9taires.\t\t\t\t\t<\/p>\n\t\t\t\t\n\t\t\t<\/div>\n\t\t\t\n\t\t<\/div>\n\t\t\t\t\t\t<\/div>\n\t\t\t\t<\/div>\n\t\t\t\t<\/div>\n\t\t\t\t<div class=\"elementor-element elementor-element-b684252 elementor-widget__width-auto elementor-widget-mobile__width-inherit elementor-invisible elementor-widget elementor-widget-heading\" data-id=\"b684252\" data-element_type=\"widget\" data-settings=\"{&quot;_animation&quot;:&quot;fadeInRight&quot;}\" data-widget_type=\"heading.default\">\n\t\t\t\t<div class=\"elementor-widget-container\">\n\t\t\t\t\t<p class=\"elementor-heading-title elementor-size-default\">02<\/p>\t\t\t\t<\/div>\n\t\t\t\t<\/div>\n\t\t<div class=\"elementor-element elementor-element-3f2302a e-con-full e-flex e-con e-child\" data-id=\"3f2302a\" data-element_type=\"container\">\n\t\t\t\t<div class=\"elementor-element elementor-element-440eee68 animated-slow elementor-invisible elementor-widget elementor-widget-icon-box\" data-id=\"440eee68\" data-element_type=\"widget\" data-settings=\"{&quot;_animation&quot;:&quot;fadeIn&quot;,&quot;_animation_delay&quot;:&quot;100&quot;}\" data-widget_type=\"icon-box.default\">\n\t\t\t\t<div class=\"elementor-widget-container\">\n\t\t\t\t\t\t\t<div class=\"elementor-icon-box-wrapper\">\n\n\t\t\t\n\t\t\t\t\t\t<div class=\"elementor-icon-box-content\">\n\n\t\t\t\t\t\t\t\t\t<h4 class=\"elementor-icon-box-title\">\n\t\t\t\t\t\t<span  >\n\t\t\t\t\t\t\tCONGR\u00c8S\t\t\t\t\t\t<\/span>\n\t\t\t\t\t<\/h4>\n\t\t\t\t\n\t\t\t\t\t\t\t\t\t<p class=\"elementor-icon-box-description\">\n\t\t\t\t\t\tLa Maison Metsens met \u00e0 profit toute son expertise pour proposer une offre globale de restauration : Prestations sur stand, cocktail ou d\u00eener, restauration de congr\u00e8s, \u00e9v\u00e9nements sportifs.\nMetsens vous accompagne sur la cr\u00e9ation d\u2019un restaurant ou corner \u00e9ph\u00e9m\u00e8re, bar, espace lounge, de la gastronomie \u00e0 la sc\u00e9nographie.\t\t\t\t\t<\/p>\n\t\t\t\t\n\t\t\t<\/div>\n\t\t\t\n\t\t<\/div>\n\t\t\t\t\t\t<\/div>\n\t\t\t\t<\/div>\n\t\t\t\t<\/div>\n\t\t\t\t<div class=\"elementor-element elementor-element-de16ae0 elementor-widget__width-auto elementor-widget-mobile__width-inherit elementor-invisible elementor-widget elementor-widget-heading\" data-id=\"de16ae0\" data-element_type=\"widget\" data-settings=\"{&quot;_animation&quot;:&quot;fadeInRight&quot;}\" data-widget_type=\"heading.default\">\n\t\t\t\t<div class=\"elementor-widget-container\">\n\t\t\t\t\t<p class=\"elementor-heading-title elementor-size-default\">03<\/p>\t\t\t\t<\/div>\n\t\t\t\t<\/div>\n\t\t<div class=\"elementor-element elementor-element-b360a11 e-con-full e-flex e-con e-child\" data-id=\"b360a11\" data-element_type=\"container\">\n\t\t\t\t<div class=\"elementor-element elementor-element-33bb00ab animated-slow elementor-invisible elementor-widget elementor-widget-icon-box\" data-id=\"33bb00ab\" data-element_type=\"widget\" data-settings=\"{&quot;_animation&quot;:&quot;fadeIn&quot;,&quot;_animation_delay&quot;:&quot;100&quot;}\" data-widget_type=\"icon-box.default\">\n\t\t\t\t<div class=\"elementor-widget-container\">\n\t\t\t\t\t\t\t<div class=\"elementor-icon-box-wrapper\">\n\n\t\t\t\n\t\t\t\t\t\t<div class=\"elementor-icon-box-content\">\n\n\t\t\t\t\t\t\t\t\t<h4 class=\"elementor-icon-box-title\">\n\t\t\t\t\t\t<span  >\n\t\t\t\t\t\t\tCOMMENT ?\t\t\t\t\t\t<\/span>\n\t\t\t\t\t<\/h4>\n\t\t\t\t\n\t\t\t\t\t\t\t\t\t<p class=\"elementor-icon-box-description\">\n\t\t\t\t\t\tDes exigences qui nous conduisent \u00e0 vous donner le meilleur service avec une grande souplesse d\u2019adaptation, du plus simple au plus exceptionnel.\nUn large choix de formules r\u00e9pondra \u00e0 vos d\u00e9sirs les plus divers et vari\u00e9s.\nVous \u00eates \u00e0 la recherche d\u2019un loft, d\u2019un mus\u00e9e, d\u2019un auditorium, d\u2019un h\u00f4tel particulier\u2026\nMetsens vous propose des solutions :\nCuisine \u2013 r\u00e9ception : Label bio (AB et bio Europ\u00e9en), Vegan.\t\t\t\t\t<\/p>\n\t\t\t\t\n\t\t\t<\/div>\n\t\t\t\n\t\t<\/div>\n\t\t\t\t\t\t<\/div>\n\t\t\t\t<\/div>\n\t\t\t\t<\/div>\n\t\t\t\t<\/div>\n\t\t<div class=\"elementor-element elementor-element-8e0ac31 e-con-full e-flex e-con e-parent\" data-id=\"8e0ac31\" data-element_type=\"container\">\n\t\t\t\t<div class=\"elementor-element elementor-element-7e5d9e0 elementor-widget elementor-widget-spacer\" data-id=\"7e5d9e0\" data-element_type=\"widget\" data-widget_type=\"spacer.default\">\n\t\t\t\t<div class=\"elementor-widget-container\">\n\t\t\t\t\t\t\t<div class=\"elementor-spacer\">\n\t\t\t<div class=\"elementor-spacer-inner\"><\/div>\n\t\t<\/div>\n\t\t\t\t\t\t<\/div>\n\t\t\t\t<\/div>\n\t\t\t\t<div class=\"elementor-element elementor-element-a0c0905 elementor-arrows-position-inside elementor-pagination-position-outside elementor-widget elementor-widget-image-carousel\" data-id=\"a0c0905\" data-element_type=\"widget\" data-settings=\"{&quot;navigation&quot;:&quot;both&quot;,&quot;autoplay&quot;:&quot;yes&quot;,&quot;pause_on_hover&quot;:&quot;yes&quot;,&quot;pause_on_interaction&quot;:&quot;yes&quot;,&quot;autoplay_speed&quot;:5000,&quot;infinite&quot;:&quot;yes&quot;,&quot;speed&quot;:500}\" data-widget_type=\"image-carousel.default\">\n\t\t\t\t<div class=\"elementor-widget-container\">\n\t\t\t\t\t\t\t<div class=\"elementor-image-carousel-wrapper swiper\" role=\"region\" aria-roledescription=\"carousel\" aria-label=\"Carrousel d\u2019images\" dir=\"ltr\">\n\t\t\t<div class=\"elementor-image-carousel swiper-wrapper\" aria-live=\"off\">\n\t\t\t\t\t\t\t\t<div class=\"swiper-slide\" role=\"group\" aria-roledescription=\"slide\" aria-label=\"1 sur 9\"><figure class=\"swiper-slide-inner\"><img decoding=\"async\" class=\"swiper-slide-image\" src=\"https:\/\/metsens.fr\/traiteur\/wp-content\/uploads\/elementor\/thumbs\/IMG_6617-1-scaled-e1704721629649-qn7zi46ixicl9sjx7q4rdp4wduclz2hoq7awn0tj6g.webp\" alt=\"IMG_6617\" \/><\/figure><\/div><div class=\"swiper-slide\" role=\"group\" aria-roledescription=\"slide\" aria-label=\"2 sur 9\"><figure class=\"swiper-slide-inner\"><img decoding=\"async\" class=\"swiper-slide-image\" src=\"https:\/\/metsens.fr\/traiteur\/wp-content\/uploads\/elementor\/thumbs\/DSC_1190-qnbf6h79fbap7n8zjs7pjnrp9r859t23vchv259c2g.png\" alt=\"valentin\" \/><\/figure><\/div><div class=\"swiper-slide\" role=\"group\" aria-roledescription=\"slide\" aria-label=\"3 sur 9\"><figure class=\"swiper-slide-inner\"><img decoding=\"async\" class=\"swiper-slide-image\" src=\"https:\/\/metsens.fr\/traiteur\/wp-content\/uploads\/elementor\/thumbs\/Grandtheate44sur110-scaled-e1704359399277-qn80hqadvj3p5wtl94bvuplmnet9m7vkah578g0jfc.webp\" alt=\"Grandtheate(44sur110)\" \/><\/figure><\/div><div class=\"swiper-slide\" role=\"group\" aria-roledescription=\"slide\" aria-label=\"4 sur 9\"><figure class=\"swiper-slide-inner\"><img decoding=\"async\" class=\"swiper-slide-image\" src=\"https:\/\/metsens.fr\/traiteur\/wp-content\/uploads\/elementor\/thumbs\/K3A0030-scaled-qn80ydzeztwmx4mhzbjv1i9pn8pg140b8xczezbd5k.webp\" alt=\"_K3A0030\" \/><\/figure><\/div><div class=\"swiper-slide\" role=\"group\" aria-roledescription=\"slide\" aria-label=\"5 sur 9\"><figure class=\"swiper-slide-inner\"><img decoding=\"async\" class=\"swiper-slide-image\" src=\"https:\/\/metsens.fr\/traiteur\/wp-content\/uploads\/elementor\/thumbs\/Grandtheate66sur110-scaled-qmsdvwwr8d5lg4mbbaoq2ovmlfalj7mpne6vhmjsrc.webp\" alt=\"buffet - metsens traiteur aix en provence\" \/><\/figure><\/div><div class=\"swiper-slide\" role=\"group\" aria-roledescription=\"slide\" aria-label=\"6 sur 9\"><figure class=\"swiper-slide-inner\"><img decoding=\"async\" class=\"swiper-slide-image\" src=\"https:\/\/metsens.fr\/traiteur\/wp-content\/uploads\/elementor\/thumbs\/IMG_5772-scaled-qn7z2y2amrkzwcl6so2in0y38z4cqx9mz49st9b9lk.webp\" alt=\"dressage table - metsens traiteur allauch\" \/><\/figure><\/div><div class=\"swiper-slide\" role=\"group\" aria-roledescription=\"slide\" aria-label=\"7 sur 9\"><figure class=\"swiper-slide-inner\"><img decoding=\"async\" class=\"swiper-slide-image\" src=\"https:\/\/metsens.fr\/traiteur\/wp-content\/uploads\/elementor\/thumbs\/METSENS30sur167-scaled-qn7z0grmli6r9e6wa3gyk5hatdchfof4yuao7yzo0o.webp\" alt=\"pi\u00e8ces cocktail - metsens traiteur\" \/><\/figure><\/div><div class=\"swiper-slide\" role=\"group\" aria-roledescription=\"slide\" aria-label=\"8 sur 9\"><figure class=\"swiper-slide-inner\"><img decoding=\"async\" class=\"swiper-slide-image\" src=\"https:\/\/metsens.fr\/traiteur\/wp-content\/uploads\/elementor\/thumbs\/PLAT-HP-rexg201vuxznhq833tkgfd6jm1q49z6sw6ghityb88.jpg\" alt=\"PLAT HP\" \/><\/figure><\/div><div class=\"swiper-slide\" role=\"group\" aria-roledescription=\"slide\" aria-label=\"9 sur 9\"><figure class=\"swiper-slide-inner\"><img decoding=\"async\" class=\"swiper-slide-image\" src=\"https:\/\/metsens.fr\/traiteur\/wp-content\/uploads\/elementor\/thumbs\/Mini-plat-chaud-MEDIUM-rexgu9399onwft6s516sd8jacyh9mhcdg0bus82c7s.jpg\" alt=\"Mini plat chaud MEDIUM\" \/><\/figure><\/div>\t\t\t<\/div>\n\t\t\t\t\t\t\t\t\t\t\t\t<div class=\"elementor-swiper-button elementor-swiper-button-prev\" role=\"button\" tabindex=\"0\">\n\t\t\t\t\t\t<svg aria-hidden=\"true\" class=\"e-font-icon-svg e-eicon-chevron-left\" viewBox=\"0 0 1000 1000\" xmlns=\"http:\/\/www.w3.org\/2000\/svg\"><path d=\"M646 125C629 125 613 133 604 142L308 442C296 454 292 471 292 487 292 504 296 521 308 533L604 854C617 867 629 875 646 875 663 875 679 871 692 858 704 846 713 829 713 812 713 796 708 779 692 767L438 487 692 225C700 217 708 204 708 187 708 171 704 154 692 142 675 129 663 125 646 125Z\"><\/path><\/svg>\t\t\t\t\t<\/div>\n\t\t\t\t\t<div class=\"elementor-swiper-button elementor-swiper-button-next\" role=\"button\" tabindex=\"0\">\n\t\t\t\t\t\t<svg aria-hidden=\"true\" class=\"e-font-icon-svg e-eicon-chevron-right\" viewBox=\"0 0 1000 1000\" xmlns=\"http:\/\/www.w3.org\/2000\/svg\"><path d=\"M696 533C708 521 713 504 713 487 713 471 708 454 696 446L400 146C388 133 375 125 354 125 338 125 325 129 313 142 300 154 292 171 292 187 292 204 296 221 308 233L563 492 304 771C292 783 288 800 288 817 288 833 296 850 308 863 321 871 338 875 354 875 371 875 388 867 400 854L696 533Z\"><\/path><\/svg>\t\t\t\t\t<\/div>\n\t\t\t\t\n\t\t\t\t\t\t\t\t\t<div class=\"swiper-pagination\"><\/div>\n\t\t\t\t\t\t\t\t\t<\/div>\n\t\t\t\t\t\t<\/div>\n\t\t\t\t<\/div>\n\t\t\t\t<\/div>\n\t\t<div class=\"elementor-element elementor-element-451975f e-flex e-con-boxed e-con e-parent\" data-id=\"451975f\" data-element_type=\"container\">\n\t\t\t\t\t<div class=\"e-con-inner\">\n\t\t\t\t<div class=\"elementor-element elementor-element-fb314a8 elementor-widget elementor-widget-text-editor\" data-id=\"fb314a8\" data-element_type=\"widget\" data-widget_type=\"text-editor.default\">\n\t\t\t\t<div class=\"elementor-widget-container\">\n\t\t\t\t\t\t\t\t\t<p>La Maison Metsens vous accompagne pour chaque occasion\u00a0: petit d\u00e9jeuner, d\u00e9jeuner, cocktail, d\u00eener, repas de travail ou soir\u00e9e de gala qui marqueront les sens.<br \/>Nous mettons tout notre savoir-faire au service de votre \u00e9v\u00e9nement. Nous vous accompagnons dans la conception et la r\u00e9alisation en ma\u00eetrisant chaque maillon de la cha\u00eene pour une prestation sur-mesure, de la recherche d\u2019un lieu \u00e0 la sc\u00e9nographie, ou encore la mise en place d\u2019animations, son et lumi\u00e8res, fleuristes, dans le respect de vos imp\u00e9ratifs budg\u00e9taires.<\/p>\t\t\t\t\t\t\t\t<\/div>\n\t\t\t\t<\/div>\n\t\t\t\t\t<\/div>\n\t\t\t\t<\/div>\n\t\t<div class=\"elementor-element elementor-element-72fdd70 e-con-full e-flex e-con e-parent\" data-id=\"72fdd70\" data-element_type=\"container\">\n\t\t\t\t<div class=\"elementor-element elementor-element-f8d5de3 elementor-widget elementor-widget-spacer\" data-id=\"f8d5de3\" data-element_type=\"widget\" data-widget_type=\"spacer.default\">\n\t\t\t\t<div class=\"elementor-widget-container\">\n\t\t\t\t\t\t\t<div class=\"elementor-spacer\">\n\t\t\t<div class=\"elementor-spacer-inner\"><\/div>\n\t\t<\/div>\n\t\t\t\t\t\t<\/div>\n\t\t\t\t<\/div>\n\t\t\t\t<div class=\"elementor-element elementor-element-004428a elementor-widget__width-inherit elementor-cta--skin-cover elementor-animated-content elementor-bg-transform elementor-bg-transform-zoom-in elementor-widget elementor-widget-call-to-action\" data-id=\"004428a\" data-element_type=\"widget\" data-widget_type=\"call-to-action.default\">\n\t\t\t\t<div class=\"elementor-widget-container\">\n\t\t\t\t\t\t\t<div class=\"elementor-cta\">\n\t\t\t\t\t<div class=\"elementor-cta__bg-wrapper\">\n\t\t\t\t<div class=\"elementor-cta__bg elementor-bg\" style=\"background-image: url(https:\/\/metsens.fr\/traiteur\/wp-content\/uploads\/2024\/01\/MS-8612-1-scaled-e1704200181448-1024x463.webp);\" role=\"img\" aria-label=\"MS-8612\"><\/div>\n\t\t\t\t<div class=\"elementor-cta__bg-overlay\"><\/div>\n\t\t\t<\/div>\n\t\t\t\t\t\t\t<div class=\"elementor-cta__content\">\n\t\t\t\t\n\t\t\t\t\t\t\t\t\t<h2 class=\"elementor-cta__title elementor-cta__content-item elementor-content-item elementor-animated-item--grow\">\n\t\t\t\t\t\tContactez-nous !\t\t\t\t\t<\/h2>\n\t\t\t\t\n\t\t\t\t\t\t\t\t\t<div class=\"elementor-cta__description elementor-cta__content-item elementor-content-item elementor-animated-item--grow\">\n\t\t\t\t\t\tBesoin d'aide ou de conseils suppl\u00e9mentaires ? \nContactez-nous en un seul clic !\t\t\t\t\t<\/div>\n\t\t\t\t\n\t\t\t\t\t\t\t\t\t<div class=\"elementor-cta__button-wrapper elementor-cta__content-item elementor-content-item elementor-animated-item--grow\">\n\t\t\t\t\t<a class=\"elementor-cta__button elementor-button elementor-size-\" href=\"https:\/\/metsens.fr\/traiteur\/contact\/\" target=\"_blank\">\n\t\t\t\t\t\tDemander un devis\t\t\t\t\t<\/a>\n\t\t\t\t\t<\/div>\n\t\t\t\t\t\t\t<\/div>\n\t\t\t\t\t\t<\/div>\n\t\t\t\t\t\t<\/div>\n\t\t\t\t<\/div>\n\t\t\t\t<\/div>\n\t\t\t\t<\/div>\n\t\t","protected":false},"excerpt":{"rendered":"<p>Les r\u00e9ceptions d&rsquo;entreprises Un \u00e9v\u00e9nement sur-mesure nOUS CONTACTER 01 METSENS La Maison Metsens vous accompagne pour chaque occasion\u00a0: petit d\u00e9jeuner, d\u00e9jeuner, cocktail, d\u00eener, repas de travail ou soir\u00e9e de gala qui marqueront les sens. Nous mettons tout notre savoir-faire au service de votre \u00e9v\u00e9nement. Nous vous accompagnons dans la conception et la r\u00e9alisation en ma\u00eetrisant [&hellip;]<\/p>\n","protected":false},"author":2,"featured_media":0,"parent":142,"menu_order":0,"comment_status":"closed","ping_status":"closed","template":"","meta":{"om_disable_all_campaigns":false,"_monsterinsights_skip_tracking":false,"_monsterinsights_sitenote_active":false,"_monsterinsights_sitenote_note":"","_monsterinsights_sitenote_category":0,"_uf_show_specific_survey":0,"_uf_disable_surveys":false,"footnotes":""},"class_list":["post-560","page","type-page","status-publish","hentry"],"aioseo_notices":[],"jetpack_sharing_enabled":true,"_links":{"self":[{"href":"https:\/\/metsens.fr\/traiteur\/wp-json\/wp\/v2\/pages\/560","targetHints":{"allow":["GET"]}}],"collection":[{"href":"https:\/\/metsens.fr\/traiteur\/wp-json\/wp\/v2\/pages"}],"about":[{"href":"https:\/\/metsens.fr\/traiteur\/wp-json\/wp\/v2\/types\/page"}],"author":[{"embeddable":true,"href":"https:\/\/metsens.fr\/traiteur\/wp-json\/wp\/v2\/users\/2"}],"replies":[{"embeddable":true,"href":"https:\/\/metsens.fr\/traiteur\/wp-json\/wp\/v2\/comments?post=560"}],"version-history":[{"count":119,"href":"https:\/\/metsens.fr\/traiteur\/wp-json\/wp\/v2\/pages\/560\/revisions"}],"predecessor-version":[{"id":4812,"href":"https:\/\/metsens.fr\/traiteur\/wp-json\/wp\/v2\/pages\/560\/revisions\/4812"}],"up":[{"embeddable":true,"href":"https:\/\/metsens.fr\/traiteur\/wp-json\/wp\/v2\/pages\/142"}],"wp:attachment":[{"href":"https:\/\/metsens.fr\/traiteur\/wp-json\/wp\/v2\/media?parent=560"}],"curies":[{"name":"wp","href":"https:\/\/api.w.org\/{rel}","templated":true}]}}