{"id":4252,"date":"2024-05-03T11:13:47","date_gmt":"2024-05-03T09:13:47","guid":{"rendered":"https:\/\/metsens.fr\/traiteur\/?page_id=4252"},"modified":"2024-05-03T11:14:34","modified_gmt":"2024-05-03T09:14:34","slug":"traiteur-bio-vegan-marseille","status":"publish","type":"page","link":"https:\/\/metsens.fr\/traiteur\/traiteur\/traiteur-bio-vegan-marseille\/","title":{"rendered":"Traiteur bio vegan marseille"},"content":{"rendered":"\t\t<div data-elementor-type=\"wp-page\" data-elementor-id=\"4252\" class=\"elementor elementor-4252\" data-elementor-post-type=\"page\">\n\t\t\t\t<div class=\"elementor-element elementor-element-7c3166f e-grid e-con-boxed e-con e-parent\" data-id=\"7c3166f\" data-element_type=\"container\">\n\t\t\t\t\t<div class=\"e-con-inner\">\n\t\t\t\t<div class=\"elementor-element elementor-element-c86900c elementor-widget elementor-widget-image\" data-id=\"c86900c\" data-element_type=\"widget\" data-widget_type=\"image.default\">\n\t\t\t\t<div class=\"elementor-widget-container\">\n\t\t\t\t\t\t\t\t\t\t\t\t\t\t\t<img fetchpriority=\"high\" decoding=\"async\" width=\"683\" height=\"1024\" src=\"https:\/\/metsens.fr\/traiteur\/wp-content\/uploads\/2024\/01\/METSENS143sur167-683x1024.webp\" class=\"attachment-large size-large wp-image-182\" alt=\"gastronomie\" srcset=\"https:\/\/metsens.fr\/traiteur\/wp-content\/uploads\/2024\/01\/METSENS143sur167-683x1024.webp 683w, https:\/\/metsens.fr\/traiteur\/wp-content\/uploads\/2024\/01\/METSENS143sur167-200x300.webp 200w, https:\/\/metsens.fr\/traiteur\/wp-content\/uploads\/2024\/01\/METSENS143sur167-768x1152.webp 768w, https:\/\/metsens.fr\/traiteur\/wp-content\/uploads\/2024\/01\/METSENS143sur167-1024x1536.webp 1024w, https:\/\/metsens.fr\/traiteur\/wp-content\/uploads\/2024\/01\/METSENS143sur167-scaled.webp 1280w\" sizes=\"(max-width: 683px) 100vw, 683px\" \/>\t\t\t\t\t\t\t\t\t\t\t\t\t\t\t<\/div>\n\t\t\t\t<\/div>\n\t\t\t\t<div class=\"elementor-element elementor-element-f37a624 elementor-widget elementor-widget-text-editor\" data-id=\"f37a624\" data-element_type=\"widget\" data-widget_type=\"text-editor.default\">\n\t\t\t\t<div class=\"elementor-widget-container\">\n\t\t\t\t\t\t\t\t\t<p><strong>Bienvenue chez METSENS, votre traiteur avec une offre en cuisine v\u00e9gane et biologique \u00e0 Marseille.<\/strong><\/p><p>Nous sommes passionn\u00e9s par l&rsquo;art culinaire et engag\u00e9s dans la promotion d&rsquo;un mode de vie sain et respectueux de l&rsquo;environnement. En tant que traiteur vegan \u00e0 Marseille, nous sommes fiers de proposer une exp\u00e9rience gastronomique qui c\u00e9l\u00e8bre les saveurs naturelles des ingr\u00e9dients v\u00e9g\u00e9taux. Nos plats v\u00e9gans sont con\u00e7us pour ravir les papilles et satisfaire toutes les exigences di\u00e9t\u00e9tiques, tout en offrant une vari\u00e9t\u00e9 et une cr\u00e9ativit\u00e9 culinaire in\u00e9gal\u00e9es. Que ce soit pour un mariage, un \u00e9v\u00e9nement d&rsquo;entreprise ou une f\u00eate priv\u00e9e, notre menu traiteur vegan \u00e0 Marseille saura combler toutes vos attentes.<\/p>\t\t\t\t\t\t\t\t<\/div>\n\t\t\t\t<\/div>\n\t\t\t\t<div class=\"elementor-element elementor-element-f352d4c elementor-widget elementor-widget-text-editor\" data-id=\"f352d4c\" data-element_type=\"widget\" data-widget_type=\"text-editor.default\">\n\t\t\t\t<div class=\"elementor-widget-container\">\n\t\t\t\t\t\t\t\t\t<p>De plus, en tant que fervents d\u00e9fenseurs d&rsquo;une alimentation biologique, nous sommes ravis d&rsquo;offrir \u00e9galement un service de traiteur bio \u00e0 Marseille. <a href=\"https:\/\/causiday.fr\/origine-des-ingredients-causiday\/\">Nos ingr\u00e9dients biologiques sont soigneusement s\u00e9lectionn\u00e9s<\/a> pour leur qualit\u00e9 sup\u00e9rieure, leur go\u00fbt authentique et leur impact minimal sur l&rsquo;environnement. Choisir notre service de traiteur bio \u00e0 Marseille, c&rsquo;est soutenir une agriculture durable et contribuer \u00e0 pr\u00e9server notre plan\u00e8te pour les g\u00e9n\u00e9rations futures.<\/p><p>Situ\u00e9s au milieu des champs \u00e0 Allauch, Nous avons nos poules, et <a href=\"https:\/\/metsens.fr\/traiteur\/developpement-durable\/la-serre\/\">une serre aquaponique<\/a> pour cultiver nos herbes aromatiques de fa\u00e7on biologique et \u00e9cologique<\/p>\t\t\t\t\t\t\t\t<\/div>\n\t\t\t\t<\/div>\n\t\t\t\t<div class=\"elementor-element elementor-element-68866e0 elementor-widget elementor-widget-image\" data-id=\"68866e0\" data-element_type=\"widget\" data-widget_type=\"image.default\">\n\t\t\t\t<div class=\"elementor-widget-container\">\n\t\t\t\t\t\t\t\t\t\t\t\t\t\t\t<img decoding=\"async\" width=\"683\" height=\"1024\" src=\"https:\/\/metsens.fr\/traiteur\/wp-content\/uploads\/2024\/01\/MS-9081-683x1024.webp\" class=\"attachment-large size-large wp-image-960\" alt=\"\" srcset=\"https:\/\/metsens.fr\/traiteur\/wp-content\/uploads\/2024\/01\/MS-9081-683x1024.webp 683w, https:\/\/metsens.fr\/traiteur\/wp-content\/uploads\/2024\/01\/MS-9081-200x300.webp 200w, https:\/\/metsens.fr\/traiteur\/wp-content\/uploads\/2024\/01\/MS-9081-768x1152.webp 768w, https:\/\/metsens.fr\/traiteur\/wp-content\/uploads\/2024\/01\/MS-9081-1024x1536.webp 1024w, https:\/\/metsens.fr\/traiteur\/wp-content\/uploads\/2024\/01\/MS-9081-scaled.webp 1280w\" sizes=\"(max-width: 683px) 100vw, 683px\" \/>\t\t\t\t\t\t\t\t\t\t\t\t\t\t\t<\/div>\n\t\t\t\t<\/div>\n\t\t\t\t<div class=\"elementor-element elementor-element-0bed022 elementor-widget elementor-widget-image\" data-id=\"0bed022\" data-element_type=\"widget\" data-widget_type=\"image.default\">\n\t\t\t\t<div class=\"elementor-widget-container\">\n\t\t\t\t\t\t\t\t\t\t\t\t\t\t\t<img decoding=\"async\" width=\"683\" height=\"1024\" src=\"https:\/\/metsens.fr\/traiteur\/wp-content\/uploads\/2024\/02\/DSC_1207-683x1024.png\" class=\"attachment-large size-large wp-image-2805\" alt=\"Metsens traiteur marseille - valentin\" srcset=\"https:\/\/metsens.fr\/traiteur\/wp-content\/uploads\/2024\/02\/DSC_1207-683x1024.png 683w, https:\/\/metsens.fr\/traiteur\/wp-content\/uploads\/2024\/02\/DSC_1207-200x300.png 200w, https:\/\/metsens.fr\/traiteur\/wp-content\/uploads\/2024\/02\/DSC_1207-768x1152.png 768w, https:\/\/metsens.fr\/traiteur\/wp-content\/uploads\/2024\/02\/DSC_1207-1024x1536.png 1024w, https:\/\/metsens.fr\/traiteur\/wp-content\/uploads\/2024\/02\/DSC_1207-1365x2048.png 1365w\" sizes=\"(max-width: 683px) 100vw, 683px\" \/>\t\t\t\t\t\t\t\t\t\t\t\t\t\t\t<\/div>\n\t\t\t\t<\/div>\n\t\t\t\t<div class=\"elementor-element elementor-element-1329609 elementor-widget elementor-widget-text-editor\" data-id=\"1329609\" data-element_type=\"widget\" data-widget_type=\"text-editor.default\">\n\t\t\t\t<div class=\"elementor-widget-container\">\n\t\t\t\t\t\t\t\t\t<p>Chez METSENS, nous croyons que chaque \u00e9v\u00e9nement m\u00e9rite une attention particuli\u00e8re et une cuisine exceptionnelle. Notre \u00e9quipe d\u00e9vou\u00e9e travaille avec vous pour cr\u00e9er un menu sur mesure qui r\u00e9pond \u00e0 vos besoins sp\u00e9cifiques et \u00e0 vos pr\u00e9f\u00e9rences culinaires. Nous vous offrons une exp\u00e9rience traiteur personnalis\u00e9e, o\u00f9 chaque plat est pr\u00e9par\u00e9 avec amour, passion et souci du d\u00e9tail.<\/p><p>Faites de votre prochain \u00e9v\u00e9nement un succ\u00e8s gastronomique avec METSENS, votre partenaire de confiance pour une cuisine v\u00e9gane et biologique \u00e0 Marseille. Contactez-nous d\u00e8s aujourd&rsquo;hui pour en savoir plus sur nos services traiteur et pour r\u00e9server votre date d\u00e8s maintenant.<\/p>\t\t\t\t\t\t\t\t<\/div>\n\t\t\t\t<\/div>\n\t\t\t\t\t<\/div>\n\t\t\t\t<\/div>\n\t\t\t\t<\/div>\n\t\t","protected":false},"excerpt":{"rendered":"<p>Bienvenue chez METSENS, votre traiteur avec une offre en cuisine v\u00e9gane et biologique \u00e0 Marseille. Nous sommes passionn\u00e9s par l&rsquo;art culinaire et engag\u00e9s dans la promotion d&rsquo;un mode de vie sain et respectueux de l&rsquo;environnement. En tant que traiteur vegan \u00e0 Marseille, nous sommes fiers de proposer une exp\u00e9rience gastronomique qui c\u00e9l\u00e8bre les saveurs naturelles [&hellip;]<\/p>\n","protected":false},"author":1,"featured_media":0,"parent":142,"menu_order":0,"comment_status":"closed","ping_status":"closed","template":"","meta":{"om_disable_all_campaigns":false,"_monsterinsights_skip_tracking":false,"_monsterinsights_sitenote_active":false,"_monsterinsights_sitenote_note":"","_monsterinsights_sitenote_category":0,"_uf_show_specific_survey":0,"_uf_disable_surveys":false,"footnotes":""},"class_list":["post-4252","page","type-page","status-publish","hentry"],"aioseo_notices":[],"jetpack_sharing_enabled":true,"_links":{"self":[{"href":"https:\/\/metsens.fr\/traiteur\/wp-json\/wp\/v2\/pages\/4252","targetHints":{"allow":["GET"]}}],"collection":[{"href":"https:\/\/metsens.fr\/traiteur\/wp-json\/wp\/v2\/pages"}],"about":[{"href":"https:\/\/metsens.fr\/traiteur\/wp-json\/wp\/v2\/types\/page"}],"author":[{"embeddable":true,"href":"https:\/\/metsens.fr\/traiteur\/wp-json\/wp\/v2\/users\/1"}],"replies":[{"embeddable":true,"href":"https:\/\/metsens.fr\/traiteur\/wp-json\/wp\/v2\/comments?post=4252"}],"version-history":[{"count":13,"href":"https:\/\/metsens.fr\/traiteur\/wp-json\/wp\/v2\/pages\/4252\/revisions"}],"predecessor-version":[{"id":4265,"href":"https:\/\/metsens.fr\/traiteur\/wp-json\/wp\/v2\/pages\/4252\/revisions\/4265"}],"up":[{"embeddable":true,"href":"https:\/\/metsens.fr\/traiteur\/wp-json\/wp\/v2\/pages\/142"}],"wp:attachment":[{"href":"https:\/\/metsens.fr\/traiteur\/wp-json\/wp\/v2\/media?parent=4252"}],"curies":[{"name":"wp","href":"https:\/\/api.w.org\/{rel}","templated":true}]}}