{"id":4210,"date":"2024-05-02T14:46:44","date_gmt":"2024-05-02T12:46:44","guid":{"rendered":"https:\/\/metsens.fr\/traiteur\/?page_id=4210"},"modified":"2024-05-02T14:53:03","modified_gmt":"2024-05-02T12:53:03","slug":"le-mas-de-so","status":"publish","type":"page","link":"https:\/\/metsens.fr\/traiteur\/traiteur\/lieux-partenaires\/le-mas-de-so\/","title":{"rendered":"Le Mas de So"},"content":{"rendered":"\t\t<div data-elementor-type=\"wp-page\" data-elementor-id=\"4210\" class=\"elementor elementor-4210\" data-elementor-post-type=\"page\">\n\t\t\t\t<div class=\"elementor-element elementor-element-4863a36 e-flex e-con-boxed e-con e-parent\" data-id=\"4863a36\" data-element_type=\"container\">\n\t\t\t\t\t<div class=\"e-con-inner\">\n\t\t<div class=\"elementor-element elementor-element-37eeb2d e-flex e-con-boxed e-con e-child\" data-id=\"37eeb2d\" data-element_type=\"container\">\n\t\t\t\t\t<div class=\"e-con-inner\">\n\t\t\t\t<div class=\"elementor-element elementor-element-c843115 elementor-widget elementor-widget-heading\" data-id=\"c843115\" data-element_type=\"widget\" data-widget_type=\"heading.default\">\n\t\t\t\t<div class=\"elementor-widget-container\">\n\t\t\t\t\t<h2 class=\"elementor-heading-title elementor-size-default\">Qu'est-ce qui distingue Le Mas de So ?<\/h2>\t\t\t\t<\/div>\n\t\t\t\t<\/div>\n\t\t\t\t\t<\/div>\n\t\t\t\t<\/div>\n\t\t\t\t\t<\/div>\n\t\t\t\t<\/div>\n\t\t<div class=\"elementor-element elementor-element-9887b33 e-flex e-con-boxed e-con e-parent\" data-id=\"9887b33\" data-element_type=\"container\">\n\t\t\t\t\t<div class=\"e-con-inner\">\n\t\t<div class=\"elementor-element elementor-element-2136829 e-con-full e-flex e-con e-child\" data-id=\"2136829\" data-element_type=\"container\">\n\t\t\t\t<div class=\"elementor-element elementor-element-106e594 elementor-widget elementor-widget-image\" data-id=\"106e594\" data-element_type=\"widget\" data-widget_type=\"image.default\">\n\t\t\t\t<div class=\"elementor-widget-container\">\n\t\t\t\t\t\t\t\t\t\t\t\t\t\t\t<img fetchpriority=\"high\" decoding=\"async\" width=\"800\" height=\"530\" src=\"https:\/\/metsens.fr\/traiteur\/wp-content\/uploads\/2024\/05\/traiteur-soiree-mas-de-so.webp\" class=\"attachment-large size-large wp-image-4212\" alt=\"traiteur soiree le mas de so\" srcset=\"https:\/\/metsens.fr\/traiteur\/wp-content\/uploads\/2024\/05\/traiteur-soiree-mas-de-so.webp 900w, https:\/\/metsens.fr\/traiteur\/wp-content\/uploads\/2024\/05\/traiteur-soiree-mas-de-so-300x199.webp 300w, https:\/\/metsens.fr\/traiteur\/wp-content\/uploads\/2024\/05\/traiteur-soiree-mas-de-so-768x509.webp 768w\" sizes=\"(max-width: 800px) 100vw, 800px\" \/>\t\t\t\t\t\t\t\t\t\t\t\t\t\t\t<\/div>\n\t\t\t\t<\/div>\n\t\t\t\t<\/div>\n\t\t<div class=\"elementor-element elementor-element-2d663e4 e-con-full e-flex e-con e-child\" data-id=\"2d663e4\" data-element_type=\"container\">\n\t\t<div class=\"elementor-element elementor-element-f57be30 e-flex e-con-boxed e-con e-child\" data-id=\"f57be30\" data-element_type=\"container\">\n\t\t\t\t\t<div class=\"e-con-inner\">\n\t\t\t\t<div class=\"elementor-element elementor-element-51c0280 elementor-widget elementor-widget-text-editor\" data-id=\"51c0280\" data-element_type=\"widget\" data-widget_type=\"text-editor.default\">\n\t\t\t\t<div class=\"elementor-widget-container\">\n\t\t\t\t\t\t\t\t\t<p>\u00a0<\/p><p>\u2022 Son charme r\u00e9side dans l&rsquo;\u00e9quilibre subtil entre tradition et modernit\u00e9. Ce mas authentique en pierre offre une atmosph\u00e8re chaleureuse, tandis que sa r\u00e9novation contemporaine ajoute une touche d&rsquo;originalit\u00e9 et de couleur \u00e0 l&rsquo;ensemble.<\/p><p>\u2022 C&rsquo;est l&rsquo;endroit parfait pour une escapade idyllique. Nich\u00e9 dans un paysage magnifique, le mas offre un cadre exceptionnel pour des \u00e9v\u00e9nements priv\u00e9s ou professionnels.<\/p><p>\u2022 Fort de plus de 10 ans d&rsquo;exp\u00e9rience, le domaine est une r\u00e9f\u00e9rence en mati\u00e8re d&rsquo;organisation d&rsquo;\u00e9v\u00e9nements.<\/p><p>\u2022 Profitez d&rsquo;une exclusivit\u00e9 totale en privatisant le domaine pour vos s\u00e9jours de r\u00eave.\u00a0\u00bb<\/p>\t\t\t\t\t\t\t\t<\/div>\n\t\t\t\t<\/div>\n\t\t\t\t\t<\/div>\n\t\t\t\t<\/div>\n\t\t\t\t<\/div>\n\t\t\t\t\t<\/div>\n\t\t\t\t<\/div>\n\t\t<div class=\"elementor-element elementor-element-a8cb4c4 e-flex e-con-boxed e-con e-parent\" data-id=\"a8cb4c4\" data-element_type=\"container\">\n\t\t\t\t\t<div class=\"e-con-inner\">\n\t\t<div class=\"elementor-element elementor-element-f209a8c e-con-full e-flex e-con e-child\" data-id=\"f209a8c\" data-element_type=\"container\">\n\t\t\t\t<div class=\"elementor-element elementor-element-3dd8314 elementor-widget elementor-widget-text-editor\" data-id=\"3dd8314\" data-element_type=\"widget\" data-widget_type=\"text-editor.default\">\n\t\t\t\t<div class=\"elementor-widget-container\">\n\t\t\t\t\t\t\t\t\t<p><strong>Le Mas de So vous ouvre ses portes<\/strong><\/p><p>Nich\u00e9 dans un havre de paix \u00e0 l&rsquo;\u00e9cart du tumulte urbain mais n\u00e9anmoins facilement accessible, le Mas de So offre un cadre idyllique pour se retrouver en famille, entre amis ou lors de r\u00e9unions professionnelles.<\/p><p>Pour vos \u00e9v\u00e9nements d&rsquo;envergure, l&rsquo;Orangerie du Mas, situ\u00e9e au c\u0153ur du domaine, peut accueillir jusqu&rsquo;\u00e0 500 personnes.<\/p><p>Un domaine au c\u0153ur des vignes<\/p><p>Avec ses 7 chambres, sa piscine, son terrain de tennis, son home cin\u00e9ma et son billard, le Mas de So offre un ensemble d&rsquo;\u00e9quipements et de services pour un s\u00e9jour inoubliable.<\/p>\t\t\t\t\t\t\t\t<\/div>\n\t\t\t\t<\/div>\n\t\t\t\t<\/div>\n\t\t<div class=\"elementor-element elementor-element-45fa289 e-con-full e-flex e-con e-child\" data-id=\"45fa289\" data-element_type=\"container\">\n\t\t\t\t<div class=\"elementor-element elementor-element-44df447 elementor-widget elementor-widget-image\" data-id=\"44df447\" data-element_type=\"widget\" data-widget_type=\"image.default\">\n\t\t\t\t<div class=\"elementor-widget-container\">\n\t\t\t\t\t\t\t\t\t\t\t\t\t\t\t<img decoding=\"async\" width=\"800\" height=\"532\" src=\"https:\/\/metsens.fr\/traiteur\/wp-content\/uploads\/2024\/05\/traiteur-repas-mas-de-so.webp\" class=\"attachment-large size-large wp-image-4213\" alt=\"\" srcset=\"https:\/\/metsens.fr\/traiteur\/wp-content\/uploads\/2024\/05\/traiteur-repas-mas-de-so.webp 900w, https:\/\/metsens.fr\/traiteur\/wp-content\/uploads\/2024\/05\/traiteur-repas-mas-de-so-300x200.webp 300w, https:\/\/metsens.fr\/traiteur\/wp-content\/uploads\/2024\/05\/traiteur-repas-mas-de-so-768x511.webp 768w\" sizes=\"(max-width: 800px) 100vw, 800px\" \/>\t\t\t\t\t\t\t\t\t\t\t\t\t\t\t<\/div>\n\t\t\t\t<\/div>\n\t\t\t\t<\/div>\n\t\t\t\t\t<\/div>\n\t\t\t\t<\/div>\n\t\t<div class=\"elementor-element elementor-element-655f72b e-flex e-con-boxed e-con e-parent\" data-id=\"655f72b\" data-element_type=\"container\">\n\t\t\t\t\t<div class=\"e-con-inner\">\n\t\t<div class=\"elementor-element elementor-element-930d337 e-con-full e-flex e-con e-child\" data-id=\"930d337\" data-element_type=\"container\">\n\t\t\t\t<div class=\"elementor-element elementor-element-0ee584d elementor-widget elementor-widget-image\" data-id=\"0ee584d\" data-element_type=\"widget\" data-widget_type=\"image.default\">\n\t\t\t\t<div class=\"elementor-widget-container\">\n\t\t\t\t\t\t\t\t\t\t\t\t\t\t\t<img decoding=\"async\" width=\"800\" height=\"532\" src=\"https:\/\/metsens.fr\/traiteur\/wp-content\/uploads\/2024\/05\/traiteur-evenement-mas-de-so.webp\" class=\"attachment-large size-large wp-image-4214\" alt=\"\" srcset=\"https:\/\/metsens.fr\/traiteur\/wp-content\/uploads\/2024\/05\/traiteur-evenement-mas-de-so.webp 900w, https:\/\/metsens.fr\/traiteur\/wp-content\/uploads\/2024\/05\/traiteur-evenement-mas-de-so-300x199.webp 300w, https:\/\/metsens.fr\/traiteur\/wp-content\/uploads\/2024\/05\/traiteur-evenement-mas-de-so-768x510.webp 768w\" sizes=\"(max-width: 800px) 100vw, 800px\" \/>\t\t\t\t\t\t\t\t\t\t\t\t\t\t\t<\/div>\n\t\t\t\t<\/div>\n\t\t\t\t<\/div>\n\t\t<div class=\"elementor-element elementor-element-b7c4be9 e-con-full e-flex e-con e-child\" data-id=\"b7c4be9\" data-element_type=\"container\">\n\t\t\t\t<div class=\"elementor-element elementor-element-331e7ca elementor-widget elementor-widget-text-editor\" data-id=\"331e7ca\" data-element_type=\"widget\" data-widget_type=\"text-editor.default\">\n\t\t\t\t<div class=\"elementor-widget-container\">\n\t\t\t\t\t\t\t\t\t<p><strong>Un Savant M\u00e9lange de Raffinement et d&rsquo;\u00c9l\u00e9gance<\/strong><\/p><p>Chaque d\u00e9tail du mas a \u00e9t\u00e9 minutieusement pens\u00e9, avec l&rsquo;utilisation de mat\u00e9riaux nobles et une d\u00e9coration d&rsquo;une grande finesse.<\/p><p>Les vieilles pierres se marient harmonieusement avec des touches d&rsquo;\u00e9l\u00e9gance et de design, cr\u00e9ant ainsi un int\u00e9rieur r\u00e9invent\u00e9 dans une parfaite symbiose. \u00c0 l&rsquo;authenticit\u00e9 du lieu s&rsquo;ajoute subtilement le luxe discret de la technologie. En respirant les ar\u00f4mes des vignes, vous go\u00fbterez aux d\u00e9lices raffin\u00e9s d&rsquo;une cuisine moderne.<\/p>\t\t\t\t\t\t\t\t<\/div>\n\t\t\t\t<\/div>\n\t\t\t\t<div class=\"elementor-element elementor-element-2366815 elementor-align-center elementor-widget elementor-widget-button\" data-id=\"2366815\" data-element_type=\"widget\" data-widget_type=\"button.default\">\n\t\t\t\t<div class=\"elementor-widget-container\">\n\t\t\t\t\t\t\t\t\t<div class=\"elementor-button-wrapper\">\n\t\t\t\t\t<a class=\"elementor-button elementor-button-link elementor-size-sm\" href=\"https:\/\/lemasdeso.com\/\">\n\t\t\t\t\t\t<span class=\"elementor-button-content-wrapper\">\n\t\t\t\t\t\t\t\t\t<span class=\"elementor-button-text\">Voir le site du Mas de So<\/span>\n\t\t\t\t\t<\/span>\n\t\t\t\t\t<\/a>\n\t\t\t\t<\/div>\n\t\t\t\t\t\t\t\t<\/div>\n\t\t\t\t<\/div>\n\t\t\t\t<\/div>\n\t\t\t\t\t<\/div>\n\t\t\t\t<\/div>\n\t\t\t\t<\/div>\n\t\t","protected":false},"excerpt":{"rendered":"<p>Qu&rsquo;est-ce qui distingue Le Mas de So ? \u00a0 \u2022 Son charme r\u00e9side dans l&rsquo;\u00e9quilibre subtil entre tradition et modernit\u00e9. Ce mas authentique en pierre offre une atmosph\u00e8re chaleureuse, tandis que sa r\u00e9novation contemporaine ajoute une touche d&rsquo;originalit\u00e9 et de couleur \u00e0 l&rsquo;ensemble. \u2022 C&rsquo;est l&rsquo;endroit parfait pour une escapade idyllique. Nich\u00e9 dans un paysage [&hellip;]<\/p>\n","protected":false},"author":1,"featured_media":4212,"parent":566,"menu_order":0,"comment_status":"closed","ping_status":"closed","template":"","meta":{"om_disable_all_campaigns":false,"_monsterinsights_skip_tracking":false,"_monsterinsights_sitenote_active":false,"_monsterinsights_sitenote_note":"","_monsterinsights_sitenote_category":0,"_uf_show_specific_survey":0,"_uf_disable_surveys":false,"footnotes":""},"class_list":["post-4210","page","type-page","status-publish","has-post-thumbnail","hentry"],"aioseo_notices":[],"jetpack_sharing_enabled":true,"_links":{"self":[{"href":"https:\/\/metsens.fr\/traiteur\/wp-json\/wp\/v2\/pages\/4210","targetHints":{"allow":["GET"]}}],"collection":[{"href":"https:\/\/metsens.fr\/traiteur\/wp-json\/wp\/v2\/pages"}],"about":[{"href":"https:\/\/metsens.fr\/traiteur\/wp-json\/wp\/v2\/types\/page"}],"author":[{"embeddable":true,"href":"https:\/\/metsens.fr\/traiteur\/wp-json\/wp\/v2\/users\/1"}],"replies":[{"embeddable":true,"href":"https:\/\/metsens.fr\/traiteur\/wp-json\/wp\/v2\/comments?post=4210"}],"version-history":[{"count":13,"href":"https:\/\/metsens.fr\/traiteur\/wp-json\/wp\/v2\/pages\/4210\/revisions"}],"predecessor-version":[{"id":4226,"href":"https:\/\/metsens.fr\/traiteur\/wp-json\/wp\/v2\/pages\/4210\/revisions\/4226"}],"up":[{"embeddable":true,"href":"https:\/\/metsens.fr\/traiteur\/wp-json\/wp\/v2\/pages\/566"}],"wp:featuredmedia":[{"embeddable":true,"href":"https:\/\/metsens.fr\/traiteur\/wp-json\/wp\/v2\/media\/4212"}],"wp:attachment":[{"href":"https:\/\/metsens.fr\/traiteur\/wp-json\/wp\/v2\/media?parent=4210"}],"curies":[{"name":"wp","href":"https:\/\/api.w.org\/{rel}","templated":true}]}}