{"id":3578,"date":"2024-04-18T13:44:27","date_gmt":"2024-04-18T11:44:27","guid":{"rendered":"https:\/\/metsens.fr\/traiteur\/?page_id=3578"},"modified":"2024-05-17T12:36:26","modified_gmt":"2024-05-17T10:36:26","slug":"comment-nous-trouver","status":"publish","type":"page","link":"https:\/\/metsens.fr\/traiteur\/comment-nous-trouver\/","title":{"rendered":"Comment nous trouver"},"content":{"rendered":"\t\t<div data-elementor-type=\"wp-page\" data-elementor-id=\"3578\" class=\"elementor elementor-3578\" data-elementor-post-type=\"page\">\n\t\t\t\t<div class=\"elementor-element elementor-element-d408474 e-flex e-con-boxed e-con e-parent\" data-id=\"d408474\" data-element_type=\"container\">\n\t\t\t\t\t<div class=\"e-con-inner\">\n\t\t\t\t<div class=\"elementor-element elementor-element-2ea4ddf elementor-widget elementor-widget-html\" data-id=\"2ea4ddf\" data-element_type=\"widget\" data-widget_type=\"html.default\">\n\t\t\t\t<div class=\"elementor-widget-container\">\n\t\t\t\t\t<iframe src=\"https:\/\/www.google.com\/maps\/embed?pb=!1m18!1m12!1m3!1d3552.727997469709!2d5.484852498966424!3d43.32621944630142!2m3!1f0!2f0!3f0!3m2!1i1024!2i768!4f13.1!3m3!1m2!1s0x12c9bdc491e08aaf%3A0x7314ec292879ed70!2sMetsens!5e0!3m2!1sfr!2sfr!4v1713440596762!5m2!1sfr!2sfr\" width=\"600\" height=\"450\" style=\"border:0;\" allowfullscreen=\"\" loading=\"lazy\" referrerpolicy=\"no-referrer-when-downgrade\"><\/iframe>\t\t\t\t<\/div>\n\t\t\t\t<\/div>\n\t\t\t\t\t<\/div>\n\t\t\t\t<\/div>\n\t\t<div class=\"elementor-element elementor-element-7969105 e-flex e-con-boxed e-con e-parent\" data-id=\"7969105\" data-element_type=\"container\">\n\t\t\t\t\t<div class=\"e-con-inner\">\n\t\t\t\t<div class=\"elementor-element elementor-element-4ef3225 elementor-widget elementor-widget-heading\" data-id=\"4ef3225\" data-element_type=\"widget\" data-widget_type=\"heading.default\">\n\t\t\t\t<div class=\"elementor-widget-container\">\n\t\t\t\t\t<h2 class=\"elementor-heading-title elementor-size-default\">  Pour nous trouver \u00e0 l'aide de votre GPS<\/h2>\t\t\t\t<\/div>\n\t\t\t\t<\/div>\n\t\t\t\t\t<\/div>\n\t\t\t\t<\/div>\n\t\t<div class=\"elementor-element elementor-element-91ec93a e-flex e-con-boxed e-con e-parent\" data-id=\"91ec93a\" data-element_type=\"container\">\n\t\t\t\t\t<div class=\"e-con-inner\">\n\t\t\t\t<div class=\"elementor-element elementor-element-9aa2cb4 elementor-widget elementor-widget-text-editor\" data-id=\"9aa2cb4\" data-element_type=\"widget\" data-widget_type=\"text-editor.default\">\n\t\t\t\t<div class=\"elementor-widget-container\">\n\t\t\t\t\t\t\t\t\t<p>Nos locaux \u00e9tant flambants neuf, Google ou Waze n&rsquo;ont pas encore bien pu r\u00e9f\u00e9rencer notre rue.<br \/>Notre conseil : indiquez \u00e0 votre GPS \u00ab\u00a0All\u00e9e des lavandes, ZAC de Fontvieille, Allauch\u00a0\u00bb<br \/>A l&rsquo;entr\u00e9e de l&rsquo;all\u00e9e des lavandes vous trouverez des panneaux blancs indiquant o\u00f9 se trouve METSENS, il suffit de les suivre.<\/p>\t\t\t\t\t\t\t\t<\/div>\n\t\t\t\t<\/div>\n\t\t\t\t\t<\/div>\n\t\t\t\t<\/div>\n\t\t<div class=\"elementor-element elementor-element-48f2fb5 e-flex e-con-boxed e-con e-parent\" data-id=\"48f2fb5\" data-element_type=\"container\">\n\t\t\t\t\t<div class=\"e-con-inner\">\n\t\t<div class=\"elementor-element elementor-element-b7881a8 e-con-full e-flex e-con e-child\" data-id=\"b7881a8\" data-element_type=\"container\">\n\t\t\t\t<div class=\"elementor-element elementor-element-6875904 elementor-widget elementor-widget-heading\" data-id=\"6875904\" data-element_type=\"widget\" data-widget_type=\"heading.default\">\n\t\t\t\t<div class=\"elementor-widget-container\">\n\t\t\t\t\t<h2 class=\"elementor-heading-title elementor-size-default\">Pour rep\u00e9rer visuellement nos locaux <\/h2>\t\t\t\t<\/div>\n\t\t\t\t<\/div>\n\t\t\t\t<\/div>\n\t\t<div class=\"elementor-element elementor-element-d8eaf4e e-con-full e-flex e-con e-child\" data-id=\"d8eaf4e\" data-element_type=\"container\">\n\t\t\t\t<div class=\"elementor-element elementor-element-4fc6004 elementor-widget elementor-widget-image\" data-id=\"4fc6004\" data-element_type=\"widget\" data-widget_type=\"image.default\">\n\t\t\t\t<div class=\"elementor-widget-container\">\n\t\t\t\t\t\t\t\t\t\t\t\t\t\t\t<img fetchpriority=\"high\" decoding=\"async\" width=\"680\" height=\"1020\" src=\"https:\/\/metsens.fr\/traiteur\/wp-content\/uploads\/2024\/05\/MS-8660.webp\" class=\"attachment-large size-large wp-image-4192\" alt=\"nos locaux\" srcset=\"https:\/\/metsens.fr\/traiteur\/wp-content\/uploads\/2024\/05\/MS-8660.webp 680w, https:\/\/metsens.fr\/traiteur\/wp-content\/uploads\/2024\/05\/MS-8660-200x300.webp 200w\" sizes=\"(max-width: 680px) 100vw, 680px\" \/>\t\t\t\t\t\t\t\t\t\t\t\t\t\t\t<\/div>\n\t\t\t\t<\/div>\n\t\t\t\t<\/div>\n\t\t\t\t\t<\/div>\n\t\t\t\t<\/div>\n\t\t<div class=\"elementor-element elementor-element-69a83e1 e-flex e-con-boxed e-con e-parent\" data-id=\"69a83e1\" data-element_type=\"container\">\n\t\t\t\t\t<div class=\"e-con-inner\">\n\t\t<div class=\"elementor-element elementor-element-7685efd e-con-full e-flex e-con e-child\" data-id=\"7685efd\" data-element_type=\"container\">\n\t\t\t\t<\/div>\n\t\t<div class=\"elementor-element elementor-element-12334c6 e-con-full e-flex e-con e-child\" data-id=\"12334c6\" data-element_type=\"container\">\n\t\t\t\t<\/div>\n\t\t<div class=\"elementor-element elementor-element-86ebd09 e-con-full e-flex e-con e-child\" data-id=\"86ebd09\" data-element_type=\"container\">\n\t\t\t\t<div class=\"elementor-element elementor-element-2d7d3c8 elementor-widget elementor-widget-shortcode\" data-id=\"2d7d3c8\" data-element_type=\"widget\" data-widget_type=\"shortcode.default\">\n\t\t\t\t<div class=\"elementor-widget-container\">\n\t\t\t\t\t\t\t<div class=\"elementor-shortcode\"><pre class=\"ti-widget\"><template id=\"trustindex-google-widget-html\"><div class=\" ti-widget  ti-goog ti-disable-font ti-show-rating-text ti-review-text-mode-readmore ti-text-align-left\" data-no-translation=\"true\" data-time-locale=\"il y a %d %s|aujourd'hui|jour|jours|semaine|semaines|mois|mois|ann\u00e9e|ans\" data-plugin-version=\"13.2.9\" data-layout-id=\"27\" data-layout-category=\"button\" data-set-id=\"light-background\" data-pid=\"\" data-language=\"fr\" data-close-locale=\"Fermer\" data-css-version=\"2\" data-size=\"1\"> <div class=\"ti-widget-container\"> <a href=\"https:\/\/admin.trustindex.io\/api\/googleReview?place-id=ChIJr4rgkcS9yRIRcO15KCnsFHM\" role=\"button\" target=\"_blank\" rel=\"noopener nofollow\" class=\"ti-header ti-header-grid source-Google\"> <div class=\"ti-fade-container\"> <div class=\"ti-mob-row\"> <span class=\"nowrap\"><strong>EXCELLENT<\/strong><\/span> <span class=\"ti-stars\"><trustindex-image class=\"ti-star\" data-imgurl=\"https:\/\/cdn.trustindex.io\/assets\/platform\/Google\/star\/f.svg\" alt=\"Google star 1\" width=\"17\" height=\"17\" loading=\"lazy\"><\/trustindex-image><trustindex-image class=\"ti-star\" data-imgurl=\"https:\/\/cdn.trustindex.io\/assets\/platform\/Google\/star\/f.svg\" alt=\"Google star 2\" width=\"17\" height=\"17\" loading=\"lazy\"><\/trustindex-image><trustindex-image class=\"ti-star\" data-imgurl=\"https:\/\/cdn.trustindex.io\/assets\/platform\/Google\/star\/f.svg\" alt=\"Google star 3\" width=\"17\" height=\"17\" loading=\"lazy\"><\/trustindex-image><trustindex-image class=\"ti-star\" data-imgurl=\"https:\/\/cdn.trustindex.io\/assets\/platform\/Google\/star\/f.svg\" alt=\"Google star 4\" width=\"17\" height=\"17\" loading=\"lazy\"><\/trustindex-image><trustindex-image class=\"ti-star\" data-imgurl=\"https:\/\/cdn.trustindex.io\/assets\/platform\/Google\/star\/h.svg\" alt=\"Google star 5.0.5\" width=\"17\" height=\"17\" loading=\"lazy\"><\/trustindex-image><\/span> <\/div> <div class=\"ti-mob-row\"> <span class=\"nowrap\"><strong>37 avis<\/strong><\/span><div class=\"ti-small-logo\"><trustindex-image data-imgurl=\"https:\/\/metsens.fr\/traiteur\/wp-content\/plugins\/wp-reviews-plugin-for-google\/static\/img\/platform\/logo.svg?ver=do-not-care-13.2.9\" alt=\"Google\" width=\"150\" height=\"25\" loading=\"lazy\"><\/trustindex-image><\/div> <\/div> <\/div> <\/a> <\/div> <\/div> <\/template><\/pre><div data-src=\"https:\/\/cdn.trustindex.io\/loader.js?wp-widget\" data-template-id=\"trustindex-google-widget-html\" data-css-url=\"https:\/\/metsens.fr\/traiteur\/wp-content\/uploads\/trustindex-google-widget.css?1762898906\"><\/div><\/div>\n\t\t\t\t\t\t<\/div>\n\t\t\t\t<\/div>\n\t\t\t\t<\/div>\n\t\t<div class=\"elementor-element elementor-element-42d4c6c e-con-full e-flex e-con e-child\" data-id=\"42d4c6c\" data-element_type=\"container\">\n\t\t\t\t<\/div>\n\t\t<div class=\"elementor-element elementor-element-e714625 e-con-full e-flex e-con e-child\" data-id=\"e714625\" data-element_type=\"container\">\n\t\t\t\t<\/div>\n\t\t\t\t\t<\/div>\n\t\t\t\t<\/div>\n\t\t\t\t<\/div>\n\t\t","protected":false},"excerpt":{"rendered":"<p>Pour nous trouver \u00e0 l&rsquo;aide de votre GPS Nos locaux \u00e9tant flambants neuf, Google ou Waze n&rsquo;ont pas encore bien pu r\u00e9f\u00e9rencer notre rue.Notre conseil : indiquez \u00e0 votre GPS \u00ab\u00a0All\u00e9e des lavandes, ZAC de Fontvieille, Allauch\u00a0\u00bbA l&rsquo;entr\u00e9e de l&rsquo;all\u00e9e des lavandes vous trouverez des panneaux blancs indiquant o\u00f9 se trouve METSENS, il suffit de [&hellip;]<\/p>\n","protected":false},"author":1,"featured_media":0,"parent":0,"menu_order":0,"comment_status":"closed","ping_status":"closed","template":"","meta":{"om_disable_all_campaigns":false,"_monsterinsights_skip_tracking":false,"_monsterinsights_sitenote_active":false,"_monsterinsights_sitenote_note":"","_monsterinsights_sitenote_category":0,"_uf_show_specific_survey":0,"_uf_disable_surveys":false,"footnotes":""},"class_list":["post-3578","page","type-page","status-publish","hentry"],"aioseo_notices":[],"jetpack_sharing_enabled":true,"_links":{"self":[{"href":"https:\/\/metsens.fr\/traiteur\/wp-json\/wp\/v2\/pages\/3578","targetHints":{"allow":["GET"]}}],"collection":[{"href":"https:\/\/metsens.fr\/traiteur\/wp-json\/wp\/v2\/pages"}],"about":[{"href":"https:\/\/metsens.fr\/traiteur\/wp-json\/wp\/v2\/types\/page"}],"author":[{"embeddable":true,"href":"https:\/\/metsens.fr\/traiteur\/wp-json\/wp\/v2\/users\/1"}],"replies":[{"embeddable":true,"href":"https:\/\/metsens.fr\/traiteur\/wp-json\/wp\/v2\/comments?post=3578"}],"version-history":[{"count":19,"href":"https:\/\/metsens.fr\/traiteur\/wp-json\/wp\/v2\/pages\/3578\/revisions"}],"predecessor-version":[{"id":4502,"href":"https:\/\/metsens.fr\/traiteur\/wp-json\/wp\/v2\/pages\/3578\/revisions\/4502"}],"wp:attachment":[{"href":"https:\/\/metsens.fr\/traiteur\/wp-json\/wp\/v2\/media?parent=3578"}],"curies":[{"name":"wp","href":"https:\/\/api.w.org\/{rel}","templated":true}]}}