{"id":3464,"date":"2024-04-17T15:59:35","date_gmt":"2024-04-17T13:59:35","guid":{"rendered":"https:\/\/metsens.fr\/traiteur\/?page_id=3464"},"modified":"2025-03-25T12:44:39","modified_gmt":"2025-03-25T11:44:39","slug":"portage-de-repas-marseille","status":"publish","type":"page","link":"https:\/\/metsens.fr\/traiteur\/traiteur\/portage-de-repas-marseille\/","title":{"rendered":"portage de repas marseille"},"content":{"rendered":"\t\t<div data-elementor-type=\"wp-page\" data-elementor-id=\"3464\" class=\"elementor elementor-3464\" data-elementor-post-type=\"page\">\n\t\t\t\t<div class=\"elementor-element elementor-element-01c93b4 e-flex e-con-boxed e-con e-parent\" data-id=\"01c93b4\" data-element_type=\"container\">\n\t\t\t\t\t<div class=\"e-con-inner\">\n\t\t\t\t<div class=\"elementor-element elementor-element-f110a02 elementor-widget elementor-widget-spacer\" data-id=\"f110a02\" data-element_type=\"widget\" data-widget_type=\"spacer.default\">\n\t\t\t\t<div class=\"elementor-widget-container\">\n\t\t\t\t\t\t\t<div class=\"elementor-spacer\">\n\t\t\t<div class=\"elementor-spacer-inner\"><\/div>\n\t\t<\/div>\n\t\t\t\t\t\t<\/div>\n\t\t\t\t<\/div>\n\t\t\t\t<div class=\"elementor-element elementor-element-efa54a2 elementor-widget elementor-widget-heading\" data-id=\"efa54a2\" data-element_type=\"widget\" data-widget_type=\"heading.default\">\n\t\t\t\t<div class=\"elementor-widget-container\">\n\t\t\t\t\t<h4 class=\"elementor-heading-title elementor-size-default\"><strong>Bienvenue chez Metsens : Votre Solution de Portage de Repas \u00e0 Marseille<\/strong><\/h4>\t\t\t\t<\/div>\n\t\t\t\t<\/div>\n\t\t\t\t<div class=\"elementor-element elementor-element-658a5b6 elementor-widget elementor-widget-text-editor\" data-id=\"658a5b6\" data-element_type=\"widget\" data-widget_type=\"text-editor.default\">\n\t\t\t\t<div class=\"elementor-widget-container\">\n\t\t\t\t\t\t\t\t\t<p>\u00c0 la recherche d\u2019une exp\u00e9rience culinaire exceptionnelle sans quitter le confort de votre domicile \u00e0 Marseille? Ne cherchez pas plus loin que Metsens, votre partenaire de confiance en mati\u00e8re de portage de repas.<\/p><p><strong>\u00a0<\/strong><\/p>\t\t\t\t\t\t\t\t<\/div>\n\t\t\t\t<\/div>\n\t\t\t\t<div class=\"elementor-element elementor-element-a6fa93d elementor-widget elementor-widget-heading\" data-id=\"a6fa93d\" data-element_type=\"widget\" data-widget_type=\"heading.default\">\n\t\t\t\t<div class=\"elementor-widget-container\">\n\t\t\t\t\t<h4 class=\"elementor-heading-title elementor-size-default\">Pourquoi Metsens pour le Portage de Repas \u00e0 Marseille?<\/h4>\t\t\t\t<\/div>\n\t\t\t\t<\/div>\n\t\t\t\t<div class=\"elementor-element elementor-element-98a6d52 elementor-widget elementor-widget-text-editor\" data-id=\"98a6d52\" data-element_type=\"widget\" data-widget_type=\"text-editor.default\">\n\t\t\t\t<div class=\"elementor-widget-container\">\n\t\t\t\t\t\t\t\t\t<p>Chez Metsens, nous comprenons que chaque repas est une occasion sp\u00e9ciale. C\u2019est pourquoi nous mettons tout en \u0153uvre pour offrir des repas d\u00e9licieux, \u00e9quilibr\u00e9s et con\u00e7us pour r\u00e9pondre \u00e0 vos pr\u00e9f\u00e9rences et exigences alimentaires.<\/p>\t\t\t\t\t\t\t\t<\/div>\n\t\t\t\t<\/div>\n\t\t\t\t\t<\/div>\n\t\t\t\t<\/div>\n\t\t<div class=\"elementor-element elementor-element-a1ddeae e-flex e-con-boxed e-con e-parent\" data-id=\"a1ddeae\" data-element_type=\"container\">\n\t\t\t\t\t<div class=\"e-con-inner\">\n\t\t<div class=\"elementor-element elementor-element-f932a7c e-con-full e-flex e-con e-child\" data-id=\"f932a7c\" data-element_type=\"container\">\n\t\t\t\t<div class=\"elementor-element elementor-element-fb66267 elementor-widget elementor-widget-image\" data-id=\"fb66267\" data-element_type=\"widget\" data-widget_type=\"image.default\">\n\t\t\t\t<div class=\"elementor-widget-container\">\n\t\t\t\t\t\t\t\t\t\t\t\t\t\t\t<img fetchpriority=\"high\" decoding=\"async\" width=\"595\" height=\"550\" src=\"https:\/\/metsens.fr\/traiteur\/wp-content\/uploads\/2024\/04\/coffrets-repas-livraison-marseille-et-environs.jpg.webp\" class=\"attachment-large size-large wp-image-3466\" alt=\"portage de repas marseille\" srcset=\"https:\/\/metsens.fr\/traiteur\/wp-content\/uploads\/2024\/04\/coffrets-repas-livraison-marseille-et-environs.jpg.webp 595w, https:\/\/metsens.fr\/traiteur\/wp-content\/uploads\/2024\/04\/coffrets-repas-livraison-marseille-et-environs.jpg-300x277.webp 300w\" sizes=\"(max-width: 595px) 100vw, 595px\" \/>\t\t\t\t\t\t\t\t\t\t\t\t\t\t\t<\/div>\n\t\t\t\t<\/div>\n\t\t\t\t<\/div>\n\t\t<div class=\"elementor-element elementor-element-082887b e-con-full e-flex e-con e-child\" data-id=\"082887b\" data-element_type=\"container\">\n\t\t\t\t<div class=\"elementor-element elementor-element-73d8d7a elementor-widget elementor-widget-heading\" data-id=\"73d8d7a\" data-element_type=\"widget\" data-widget_type=\"heading.default\">\n\t\t\t\t<div class=\"elementor-widget-container\">\n\t\t\t\t\t<h3 class=\"elementor-heading-title elementor-size-default\">Ce que Metsens vous propose :<\/h3>\t\t\t\t<\/div>\n\t\t\t\t<\/div>\n\t\t\t\t<div class=\"elementor-element elementor-element-4f400bf elementor-widget elementor-widget-text-editor\" data-id=\"4f400bf\" data-element_type=\"widget\" data-widget_type=\"text-editor.default\">\n\t\t\t\t<div class=\"elementor-widget-container\">\n\t\t\t\t\t\t\t\t\t<p><strong>Vari\u00e9t\u00e9 Culinaire :<\/strong> D\u00e9couvrez une vari\u00e9t\u00e9 de plats succulents pr\u00e9par\u00e9s avec passion par nos chefs talentueux. Metsens vous offre une exp\u00e9rience gastronomique exceptionnelle \u00e0 chaque bouch\u00e9e. que ce soit de la <a href=\"https:\/\/metsens.fr\/traiteur\/bistrot\/\">cuisine bistrot traditionnelle<\/a> ou plus exotique avec des plats du monde revisit\u00e9s.<\/p><p><strong>Livraison Directe \u00e0 Votre Porte :<\/strong> Oubliez les tracas logistiques. Avec Metsens, profitez d\u2019une livraison rapide et fiable de vos repas pr\u00e9f\u00e9r\u00e9s directement \u00e0 votre domicile \u00e0 Marseille, et m\u00eame directement dans Votre Frigo.<\/p><p><strong>Adaptabilit\u00e9 Personnalis\u00e9e :<\/strong> Metsens s\u2019adapte \u00e0 vos besoins. Personnalisez vos repas en fonction de vos pr\u00e9f\u00e9rences, restrictions alimentaires et m\u00eame de votre emploi du temps: viandes mix\u00e9es si n\u00e9cessaire par exemple.<\/p><p><strong>Engagement envers la Qualit\u00e9 :<\/strong> Metsens utilise uniquement des ingr\u00e9dients frais et de premi\u00e8re qualit\u00e9 pour garantir la fra\u00eecheur et la saveur exceptionnelle de chaque plat. La livraison est faite par des personnes form\u00e9es \u00e0 respecter la chaine du froid.<\/p>\t\t\t\t\t\t\t\t<\/div>\n\t\t\t\t<\/div>\n\t\t\t\t<\/div>\n\t\t\t\t\t<\/div>\n\t\t\t\t<\/div>\n\t\t<div class=\"elementor-element elementor-element-b70eb98 e-flex e-con-boxed e-con e-parent\" data-id=\"b70eb98\" data-element_type=\"container\">\n\t\t\t\t\t<div class=\"e-con-inner\">\n\t\t\t\t<div class=\"elementor-element elementor-element-683a9c9 elementor-widget elementor-widget-text-editor\" data-id=\"683a9c9\" data-element_type=\"widget\" data-widget_type=\"text-editor.default\">\n\t\t\t\t<div class=\"elementor-widget-container\">\n\t\t\t\t\t\t\t\t\t<div class=\"vc_row wpb_row vc_row-fluid\"><div class=\"wpb_column vc_column_container vc_col-sm-12\"><div class=\"vc_column-inner\"><div class=\"wpb_wrapper\"><div class=\"wpb_text_column wpb_content_element \"><div class=\"wpb_wrapper\"><p><strong>Metsens : Votre Choix \u00c9clair\u00e9 pour le Portage de Repas \u00e0 Marseille<\/strong><\/p><p>En tant que leader du <a href=\"https:\/\/chef-seniors.fr\/portage-de-repas-personnes-agees-marseille-aix-aubagne\/\">portage de repas \u00e0 Marseille<\/a>, Metsens s\u2019engage \u00e0 vous offrir une exp\u00e9rience sans pareille. Notre \u00e9quipe d\u00e9vou\u00e9e met tout en \u0153uvre pour que chaque repas soit une exp\u00e9rience gastronomique m\u00e9morable.<\/p><p>D\u00e9couvrez la facilit\u00e9 du portage de repas avec Metsens. Commandez d\u00e8s aujourd\u2019hui et plongez dans un monde de saveurs d\u00e9licieuses livr\u00e9es \u00e0 votre porte.<\/p><p><strong>Contactez-nous d\u00e8s maintenant pour en savoir plus sur nos services de portage de repas \u00e0 Marseille. Metsens \u2013 O\u00f9 chaque repas est une c\u00e9l\u00e9bration de saveurs.<\/strong><\/p><\/div><\/div><\/div><\/div><\/div><\/div>\t\t\t\t\t\t\t\t<\/div>\n\t\t\t\t<\/div>\n\t\t\t\t\t<\/div>\n\t\t\t\t<\/div>\n\t\t<div class=\"elementor-element elementor-element-760e93c e-flex e-con-boxed e-con e-parent\" data-id=\"760e93c\" data-element_type=\"container\">\n\t\t\t\t\t<div class=\"e-con-inner\">\n\t\t\t\t<div class=\"elementor-element elementor-element-d890bf7 elementor-align-center elementor-widget elementor-widget-button\" data-id=\"d890bf7\" data-element_type=\"widget\" data-widget_type=\"button.default\">\n\t\t\t\t<div class=\"elementor-widget-container\">\n\t\t\t\t\t\t\t\t\t<div class=\"elementor-button-wrapper\">\n\t\t\t\t\t<a class=\"elementor-button elementor-button-link elementor-size-sm\" href=\"https:\/\/metsens.fr\/traiteur\/contact\/\">\n\t\t\t\t\t\t<span class=\"elementor-button-content-wrapper\">\n\t\t\t\t\t\t\t\t\t<span class=\"elementor-button-text\">Contactez nous &gt;<\/span>\n\t\t\t\t\t<\/span>\n\t\t\t\t\t<\/a>\n\t\t\t\t<\/div>\n\t\t\t\t\t\t\t\t<\/div>\n\t\t\t\t<\/div>\n\t\t\t\t<div class=\"elementor-element elementor-element-47f352e elementor-widget elementor-widget-text-editor\" data-id=\"47f352e\" data-element_type=\"widget\" data-widget_type=\"text-editor.default\">\n\t\t\t\t<div class=\"elementor-widget-container\">\n\t\t\t\t\t\t\t\t\t<h6 style=\"text-align: center;\">ou par t\u00e9l\u00e9phone au 04 96 21 84 14 <br \/>ou par e-mail \u00e0 contact@metsens.fr<\/h6>\t\t\t\t\t\t\t\t<\/div>\n\t\t\t\t<\/div>\n\t\t\t\t<div class=\"elementor-element elementor-element-cd9d789 elementor-widget-divider--view-line elementor-widget elementor-widget-divider\" data-id=\"cd9d789\" data-element_type=\"widget\" data-widget_type=\"divider.default\">\n\t\t\t\t<div class=\"elementor-widget-container\">\n\t\t\t\t\t\t\t<div class=\"elementor-divider\">\n\t\t\t<span class=\"elementor-divider-separator\">\n\t\t\t\t\t\t<\/span>\n\t\t<\/div>\n\t\t\t\t\t\t<\/div>\n\t\t\t\t<\/div>\n\t\t\t\t\t<\/div>\n\t\t\t\t<\/div>\n\t\t\t\t<\/div>\n\t\t","protected":false},"excerpt":{"rendered":"<p>\u00c0 la recherche d\u2019une exp\u00e9rience culinaire exceptionnelle sans quitter le confort de votre domicile \u00e0 Marseille? Ne cherchez pas plus loin que Metsens, votre partenaire de confiance en mati\u00e8re de portage de repas.<\/p>\n","protected":false},"author":1,"featured_media":3466,"parent":142,"menu_order":0,"comment_status":"closed","ping_status":"closed","template":"","meta":{"om_disable_all_campaigns":false,"_monsterinsights_skip_tracking":false,"_monsterinsights_sitenote_active":false,"_monsterinsights_sitenote_note":"","_monsterinsights_sitenote_category":0,"_uf_show_specific_survey":0,"_uf_disable_surveys":false,"footnotes":""},"class_list":["post-3464","page","type-page","status-publish","has-post-thumbnail","hentry"],"aioseo_notices":[],"jetpack_sharing_enabled":true,"_links":{"self":[{"href":"https:\/\/metsens.fr\/traiteur\/wp-json\/wp\/v2\/pages\/3464","targetHints":{"allow":["GET"]}}],"collection":[{"href":"https:\/\/metsens.fr\/traiteur\/wp-json\/wp\/v2\/pages"}],"about":[{"href":"https:\/\/metsens.fr\/traiteur\/wp-json\/wp\/v2\/types\/page"}],"author":[{"embeddable":true,"href":"https:\/\/metsens.fr\/traiteur\/wp-json\/wp\/v2\/users\/1"}],"replies":[{"embeddable":true,"href":"https:\/\/metsens.fr\/traiteur\/wp-json\/wp\/v2\/comments?post=3464"}],"version-history":[{"count":35,"href":"https:\/\/metsens.fr\/traiteur\/wp-json\/wp\/v2\/pages\/3464\/revisions"}],"predecessor-version":[{"id":4732,"href":"https:\/\/metsens.fr\/traiteur\/wp-json\/wp\/v2\/pages\/3464\/revisions\/4732"}],"up":[{"embeddable":true,"href":"https:\/\/metsens.fr\/traiteur\/wp-json\/wp\/v2\/pages\/142"}],"wp:featuredmedia":[{"embeddable":true,"href":"https:\/\/metsens.fr\/traiteur\/wp-json\/wp\/v2\/media\/3466"}],"wp:attachment":[{"href":"https:\/\/metsens.fr\/traiteur\/wp-json\/wp\/v2\/media?parent=3464"}],"curies":[{"name":"wp","href":"https:\/\/api.w.org\/{rel}","templated":true}]}}