{"id":3445,"date":"2024-04-17T14:12:48","date_gmt":"2024-04-17T12:12:48","guid":{"rendered":"https:\/\/metsens.fr\/traiteur\/?page_id=3445"},"modified":"2024-04-25T09:56:13","modified_gmt":"2024-04-25T07:56:13","slug":"traiteur-allauch","status":"publish","type":"page","link":"https:\/\/metsens.fr\/traiteur\/traiteur-allauch\/","title":{"rendered":"Traiteur allauch"},"content":{"rendered":"\t\t<div data-elementor-type=\"wp-page\" data-elementor-id=\"3445\" class=\"elementor elementor-3445\" data-elementor-post-type=\"page\">\n\t\t\t\t<div class=\"elementor-element elementor-element-1c0b478 e-flex e-con-boxed e-con e-parent\" data-id=\"1c0b478\" data-element_type=\"container\">\n\t\t\t\t\t<div class=\"e-con-inner\">\n\t\t\t\t\t<\/div>\n\t\t\t\t<\/div>\n\t\t<div class=\"elementor-element elementor-element-4739077 e-flex e-con-boxed e-con e-parent\" data-id=\"4739077\" data-element_type=\"container\">\n\t\t\t\t\t<div class=\"e-con-inner\">\n\t\t<div class=\"elementor-element elementor-element-acb0fb0 e-con-full e-flex e-con e-child\" data-id=\"acb0fb0\" data-element_type=\"container\">\n\t\t\t\t<div class=\"elementor-element elementor-element-1f3f16d elementor-widget elementor-widget-image\" data-id=\"1f3f16d\" data-element_type=\"widget\" data-widget_type=\"image.default\">\n\t\t\t\t<div class=\"elementor-widget-container\">\n\t\t\t\t\t\t\t\t\t\t\t\t\t\t\t<img fetchpriority=\"high\" decoding=\"async\" width=\"700\" height=\"669\" src=\"https:\/\/metsens.fr\/traiteur\/wp-content\/uploads\/2024\/04\/marseille-traiteur-mariage-brunch.webp\" class=\"attachment-large size-large wp-image-3447\" alt=\"traiteur allauch\" srcset=\"https:\/\/metsens.fr\/traiteur\/wp-content\/uploads\/2024\/04\/marseille-traiteur-mariage-brunch.webp 700w, https:\/\/metsens.fr\/traiteur\/wp-content\/uploads\/2024\/04\/marseille-traiteur-mariage-brunch-300x287.webp 300w\" sizes=\"(max-width: 700px) 100vw, 700px\" \/>\t\t\t\t\t\t\t\t\t\t\t\t\t\t\t<\/div>\n\t\t\t\t<\/div>\n\t\t\t\t<\/div>\n\t\t<div class=\"elementor-element elementor-element-5f52f9c e-con-full e-flex e-con e-child\" data-id=\"5f52f9c\" data-element_type=\"container\">\n\t\t\t\t<div class=\"elementor-element elementor-element-407b136 elementor-widget elementor-widget-heading\" data-id=\"407b136\" data-element_type=\"widget\" data-widget_type=\"heading.default\">\n\t\t\t\t<div class=\"elementor-widget-container\">\n\t\t\t\t\t<h2 class=\"elementor-heading-title elementor-size-default\">La Magie de Metsens traiteur \u00e0 Allauch:<\/h2>\t\t\t\t<\/div>\n\t\t\t\t<\/div>\n\t\t\t\t<div class=\"elementor-element elementor-element-028daaa elementor-widget elementor-widget-text-editor\" data-id=\"028daaa\" data-element_type=\"widget\" data-widget_type=\"text-editor.default\">\n\t\t\t\t<div class=\"elementor-widget-container\">\n\t\t\t\t\t\t\t\t\t<p>\u00c0 chaque bouch\u00e9e, d\u00e9couvrez l&rsquo;\u00e2me d&rsquo;Allauch dans nos cr\u00e9ations culinaires.<br \/>Etablis \u00e0 Allauch depuis 2009; la Maison Metsens transforme chaque repas en une odyss\u00e9e gastronomique, honorant la richesse culinaire de notre terre.<br \/>Des ingr\u00e9dients soigneusement s\u00e9lectionn\u00e9s provenant de producteurs locaux ajoutent une touche d&rsquo;authenticit\u00e9 \u00e0 chaque plat.<\/p>\t\t\t\t\t\t\t\t<\/div>\n\t\t\t\t<\/div>\n\t\t\t\t<div class=\"elementor-element elementor-element-48536ac elementor-widget elementor-widget-spacer\" data-id=\"48536ac\" data-element_type=\"widget\" data-widget_type=\"spacer.default\">\n\t\t\t\t<div class=\"elementor-widget-container\">\n\t\t\t\t\t\t\t<div class=\"elementor-spacer\">\n\t\t\t<div class=\"elementor-spacer-inner\"><\/div>\n\t\t<\/div>\n\t\t\t\t\t\t<\/div>\n\t\t\t\t<\/div>\n\t\t\t\t<div class=\"elementor-element elementor-element-3a5e11d elementor-widget elementor-widget-heading\" data-id=\"3a5e11d\" data-element_type=\"widget\" data-widget_type=\"heading.default\">\n\t\t\t\t<div class=\"elementor-widget-container\">\n\t\t\t\t\t<h3 class=\"elementor-heading-title elementor-size-default\">Engagement envers l'Excellence :<\/h3>\t\t\t\t<\/div>\n\t\t\t\t<\/div>\n\t\t\t\t<div class=\"elementor-element elementor-element-2f43fa8 elementor-widget elementor-widget-text-editor\" data-id=\"2f43fa8\" data-element_type=\"widget\" data-widget_type=\"text-editor.default\">\n\t\t\t\t<div class=\"elementor-widget-container\">\n\t\t\t\t\t\t\t\t\t<p>Notre d\u00e9vouement envers l&rsquo;excellence transpara\u00eet dans chaque d\u00e9tail, du choix des ingr\u00e9dients \u00e0 la pr\u00e9sentation artistique. Chaque plat est une d\u00e9claration d&rsquo;amour \u00e0 la gastronomie, offrant une exp\u00e9rience sensorielle qui \u00e9veillera vos papilles.<\/p>\t\t\t\t\t\t\t\t<\/div>\n\t\t\t\t<\/div>\n\t\t\t\t<\/div>\n\t\t\t\t\t<\/div>\n\t\t\t\t<\/div>\n\t\t<div class=\"elementor-element elementor-element-cc70a07 e-flex e-con-boxed e-con e-parent\" data-id=\"cc70a07\" data-element_type=\"container\">\n\t\t\t\t\t<div class=\"e-con-inner\">\n\t\t\t\t<div class=\"elementor-element elementor-element-1b25a41 elementor-widget elementor-widget-spacer\" data-id=\"1b25a41\" data-element_type=\"widget\" data-widget_type=\"spacer.default\">\n\t\t\t\t<div class=\"elementor-widget-container\">\n\t\t\t\t\t\t\t<div class=\"elementor-spacer\">\n\t\t\t<div class=\"elementor-spacer-inner\"><\/div>\n\t\t<\/div>\n\t\t\t\t\t\t<\/div>\n\t\t\t\t<\/div>\n\t\t\t\t\t<\/div>\n\t\t\t\t<\/div>\n\t\t<div class=\"elementor-element elementor-element-edf8a2f e-flex e-con-boxed e-con e-parent\" data-id=\"edf8a2f\" data-element_type=\"container\">\n\t\t\t\t\t<div class=\"e-con-inner\">\n\t\t\t\t<div class=\"elementor-element elementor-element-6f9e16f elementor-align-center elementor-widget elementor-widget-button\" data-id=\"6f9e16f\" data-element_type=\"widget\" data-widget_type=\"button.default\">\n\t\t\t\t<div class=\"elementor-widget-container\">\n\t\t\t\t\t\t\t\t\t<div class=\"elementor-button-wrapper\">\n\t\t\t\t\t<a class=\"elementor-button elementor-button-link elementor-size-sm\" href=\"https:\/\/metsens.fr\/traiteur\/contact\/\">\n\t\t\t\t\t\t<span class=\"elementor-button-content-wrapper\">\n\t\t\t\t\t\t\t\t\t<span class=\"elementor-button-text\">Contactez nous &gt;<\/span>\n\t\t\t\t\t<\/span>\n\t\t\t\t\t<\/a>\n\t\t\t\t<\/div>\n\t\t\t\t\t\t\t\t<\/div>\n\t\t\t\t<\/div>\n\t\t\t\t\t<\/div>\n\t\t\t\t<\/div>\n\t\t<div class=\"elementor-element elementor-element-f692dfc e-flex e-con-boxed e-con e-parent\" data-id=\"f692dfc\" data-element_type=\"container\">\n\t\t\t\t\t<div class=\"e-con-inner\">\n\t\t<div class=\"elementor-element elementor-element-cb26acb e-con-full e-flex e-con e-child\" data-id=\"cb26acb\" data-element_type=\"container\">\n\t\t\t\t<div class=\"elementor-element elementor-element-597206a elementor-widget elementor-widget-heading\" data-id=\"597206a\" data-element_type=\"widget\" data-widget_type=\"heading.default\">\n\t\t\t\t<div class=\"elementor-widget-container\">\n\t\t\t\t\t<h2 class=\"elementor-heading-title elementor-size-default\">Services Traiteur \u00e0 Allauch :<\/h2>\t\t\t\t<\/div>\n\t\t\t\t<\/div>\n\t\t\t\t<div class=\"elementor-element elementor-element-534dc96 elementor-widget elementor-widget-text-editor\" data-id=\"534dc96\" data-element_type=\"widget\" data-widget_type=\"text-editor.default\">\n\t\t\t\t<div class=\"elementor-widget-container\">\n\t\t\t\t\t\t\t\t\t<ul><li><strong>\u00c9v\u00e9nements Priv\u00e9s :<\/strong> Des mariages \u00e9l\u00e9gants aux c\u00e9l\u00e9brations intimes, confiez-nous la cr\u00e9ation d\u2019un menu sur mesure pour rendre votre journ\u00e9e sp\u00e9ciale encore plus m\u00e9morable<\/li><li><strong>\u00c9v\u00e9nements d\u2019Entreprise :<\/strong> Impressionnez vos coll\u00e8gues et partenaires commerciaux avec des d\u00e9lices gastronomiques lors de vos r\u00e9unions et \u00e9v\u00e9nements d\u2019entreprise.<\/li><li><strong>Livraison Traiteur :<\/strong> Apportant le luxe de Metsens directement \u00e0 votre porte, notre service de livraison traiteur simplifie la planification de vos \u00e9v\u00e9nements.<\/li><li><a href=\"https:\/\/metsens.fr\/traiteur\/traiteur\/mariage\/\"><strong>Traiteur Mariage:<\/strong><\/a> Chez Metsens, nous comprenons que chaque mariage est unique. Nous collaborons \u00e9troitement avec les futurs mari\u00e9s pour cr\u00e9er un menu sur mesure qui refl\u00e8te leur style et leurs pr\u00e9f\u00e9rences. Des hors-d\u2019\u0153uvre d\u00e9licats aux plats principaux exquis, chaque bouch\u00e9e est une c\u00e9l\u00e9bration de l\u2019amour et du terroir proven\u00e7al.<\/li><\/ul>\t\t\t\t\t\t\t\t<\/div>\n\t\t\t\t<\/div>\n\t\t\t\t<div class=\"elementor-element elementor-element-5fedf32 elementor-widget elementor-widget-heading\" data-id=\"5fedf32\" data-element_type=\"widget\" data-widget_type=\"heading.default\">\n\t\t\t\t<div class=\"elementor-widget-container\">\n\t\t\t\t\t<h2 class=\"elementor-heading-title elementor-size-default\">R\u00e9servez Votre Voyage Culinaire :<\/h2>\t\t\t\t<\/div>\n\t\t\t\t<\/div>\n\t\t\t\t<div class=\"elementor-element elementor-element-b349530 elementor-widget elementor-widget-text-editor\" data-id=\"b349530\" data-element_type=\"widget\" data-widget_type=\"text-editor.default\">\n\t\t\t\t<div class=\"elementor-widget-container\">\n\t\t\t\t\t\t\t\t\t\n\n\nExplorez nos menus en ligne, con\u00e7us pour satisfaire tous les palais et r\u00e9pondre \u00e0 toutes les occasions. vous pourrez ainsi retrouver chez vous les saveurs culinaires locales que nous d\u00e9veloppons via notre service de Livraison plateau repas .\nChez Metsens, nous croyons que chaque \u00e9v\u00e9nement m\u00e9rite une exp\u00e9rience culinaire exceptionnelle. Contactez-nous d\u00e8s aujourd\u2019hui pour r\u00e9server votre date et laissez-nous cr\u00e9er un festin inoubliable pour vous et vos invit\u00e9s.\n\t\t\t\t\t\t\t\t<\/div>\n\t\t\t\t<\/div>\n\t\t\t\t<\/div>\n\t\t<div class=\"elementor-element elementor-element-742e33a e-con-full e-flex e-con e-child\" data-id=\"742e33a\" data-element_type=\"container\">\n\t\t\t\t<div class=\"elementor-element elementor-element-d1ef44a elementor-widget elementor-widget-image\" data-id=\"d1ef44a\" data-element_type=\"widget\" data-widget_type=\"image.default\">\n\t\t\t\t<div class=\"elementor-widget-container\">\n\t\t\t\t\t\t\t\t\t\t\t\t\t\t\t<img decoding=\"async\" width=\"555\" height=\"630\" src=\"https:\/\/metsens.fr\/traiteur\/wp-content\/uploads\/2024\/04\/traiteur-soiree-privee-marseille.webp\" class=\"attachment-large size-large wp-image-3448\" alt=\"traiteur allauch\" srcset=\"https:\/\/metsens.fr\/traiteur\/wp-content\/uploads\/2024\/04\/traiteur-soiree-privee-marseille.webp 555w, https:\/\/metsens.fr\/traiteur\/wp-content\/uploads\/2024\/04\/traiteur-soiree-privee-marseille-264x300.webp 264w\" sizes=\"(max-width: 555px) 100vw, 555px\" \/>\t\t\t\t\t\t\t\t\t\t\t\t\t\t\t<\/div>\n\t\t\t\t<\/div>\n\t\t\t\t<\/div>\n\t\t\t\t\t<\/div>\n\t\t\t\t<\/div>\n\t\t<div class=\"elementor-element elementor-element-c8842a1 e-flex e-con-boxed e-con e-parent\" data-id=\"c8842a1\" data-element_type=\"container\">\n\t\t\t\t\t<div class=\"e-con-inner\">\n\t\t\t\t<div class=\"elementor-element elementor-element-60136f2 elementor-widget elementor-widget-heading\" data-id=\"60136f2\" data-element_type=\"widget\" data-widget_type=\"heading.default\">\n\t\t\t\t<div class=\"elementor-widget-container\">\n\t\t\t\t\t<h2 class=\"elementor-heading-title elementor-size-default\">Metsens Traiteur Allauch \u2013 \u00c9levez vos c\u00e9l\u00e9brations, \u00e9merveillez vos convives avec notre passion pour la gastronomie locale.<\/h2>\t\t\t\t<\/div>\n\t\t\t\t<\/div>\n\t\t\t\t\t<\/div>\n\t\t\t\t<\/div>\n\t\t<div class=\"elementor-element elementor-element-9786388 e-flex e-con-boxed e-con e-parent\" data-id=\"9786388\" data-element_type=\"container\">\n\t\t\t\t\t<div class=\"e-con-inner\">\n\t\t\t\t<div class=\"elementor-element elementor-element-486414d elementor-align-center elementor-widget elementor-widget-button\" data-id=\"486414d\" data-element_type=\"widget\" data-widget_type=\"button.default\">\n\t\t\t\t<div class=\"elementor-widget-container\">\n\t\t\t\t\t\t\t\t\t<div class=\"elementor-button-wrapper\">\n\t\t\t\t\t<a class=\"elementor-button elementor-button-link elementor-size-sm\" href=\"https:\/\/metsens.fr\/traiteur\/contact\/\">\n\t\t\t\t\t\t<span class=\"elementor-button-content-wrapper\">\n\t\t\t\t\t\t\t\t\t<span class=\"elementor-button-text\">Contactez nous &gt;<\/span>\n\t\t\t\t\t<\/span>\n\t\t\t\t\t<\/a>\n\t\t\t\t<\/div>\n\t\t\t\t\t\t\t\t<\/div>\n\t\t\t\t<\/div>\n\t\t\t\t\t<\/div>\n\t\t\t\t<\/div>\n\t\t\t\t<\/div>\n\t\t","protected":false},"excerpt":{"rendered":"<p>\/*! elementor &#8211; v3.21.0 &#8211; 15-04-2024 *\/ .elementor-widget-image{text-align:center}.elementor-widget-image a{display:inline-block}.elementor-widget-image a img[src$=\u00a0\u00bb.svg\u00a0\u00bb]{width:48px}.elementor-widget-image img{vertical-align:middle;display:inline-block} \/*! elementor &#8211; v3.21.0 &#8211; 15-04-2024 *\/ .elementor-heading-title{padding:0;margin:0;line-height:1}.elementor-widget-heading .elementor-heading-title[class*=elementor-size-]&gt;a{color:inherit;font-size:inherit;line-height:inherit}.elementor-widget-heading .elementor-heading-title.elementor-size-small{font-size:15px}.elementor-widget-heading .elementor-heading-title.elementor-size-medium{font-size:19px}.elementor-widget-heading .elementor-heading-title.elementor-size-large{font-size:29px}.elementor-widget-heading .elementor-heading-title.elementor-size-xl{font-size:39px}.elementor-widget-heading .elementor-heading-title.elementor-size-xxl{font-size:59px} La Magie de Metsens traiteur \u00e0 Allauch: \u00c0 chaque bouch\u00e9e, d\u00e9couvrez l&rsquo;\u00e2me d&rsquo;Allauch dans nos cr\u00e9ations culinaires.Etablis \u00e0 Allauch depuis 2009; la Maison Metsens transforme chaque repas en une [&hellip;]<\/p>\n","protected":false},"author":1,"featured_media":0,"parent":0,"menu_order":0,"comment_status":"closed","ping_status":"closed","template":"","meta":{"om_disable_all_campaigns":false,"_monsterinsights_skip_tracking":false,"_monsterinsights_sitenote_active":false,"_monsterinsights_sitenote_note":"","_monsterinsights_sitenote_category":0,"_uf_show_specific_survey":0,"_uf_disable_surveys":false,"footnotes":""},"class_list":["post-3445","page","type-page","status-publish","hentry"],"aioseo_notices":[],"jetpack_sharing_enabled":true,"_links":{"self":[{"href":"https:\/\/metsens.fr\/traiteur\/wp-json\/wp\/v2\/pages\/3445","targetHints":{"allow":["GET"]}}],"collection":[{"href":"https:\/\/metsens.fr\/traiteur\/wp-json\/wp\/v2\/pages"}],"about":[{"href":"https:\/\/metsens.fr\/traiteur\/wp-json\/wp\/v2\/types\/page"}],"author":[{"embeddable":true,"href":"https:\/\/metsens.fr\/traiteur\/wp-json\/wp\/v2\/users\/1"}],"replies":[{"embeddable":true,"href":"https:\/\/metsens.fr\/traiteur\/wp-json\/wp\/v2\/comments?post=3445"}],"version-history":[{"count":6,"href":"https:\/\/metsens.fr\/traiteur\/wp-json\/wp\/v2\/pages\/3445\/revisions"}],"predecessor-version":[{"id":3727,"href":"https:\/\/metsens.fr\/traiteur\/wp-json\/wp\/v2\/pages\/3445\/revisions\/3727"}],"wp:attachment":[{"href":"https:\/\/metsens.fr\/traiteur\/wp-json\/wp\/v2\/media?parent=3445"}],"curies":[{"name":"wp","href":"https:\/\/api.w.org\/{rel}","templated":true}]}}