{"id":3,"date":"2023-12-29T11:02:46","date_gmt":"2023-12-29T10:02:46","guid":{"rendered":"https:\/\/metsens.fr\/traiteur\/?page_id=3"},"modified":"2024-01-02T10:09:25","modified_gmt":"2024-01-02T09:09:25","slug":"politique-de-confidentialite","status":"publish","type":"page","link":"https:\/\/metsens.fr\/traiteur\/politique-de-confidentialite\/","title":{"rendered":"Politique de confidentialit\u00e9"},"content":{"rendered":"\t\t<div data-elementor-type=\"wp-page\" data-elementor-id=\"3\" class=\"elementor elementor-3\" data-elementor-post-type=\"page\">\n\t\t\t\t<div class=\"elementor-element elementor-element-6b9723d8 e-flex e-con-boxed e-con e-parent\" data-id=\"6b9723d8\" data-element_type=\"container\">\n\t\t\t\t\t<div class=\"e-con-inner\">\n\t\t\t\t<div class=\"elementor-element elementor-element-1e210632 elementor-widget elementor-widget-text-editor\" data-id=\"1e210632\" data-element_type=\"widget\" data-widget_type=\"text-editor.default\">\n\t\t\t\t<div class=\"elementor-widget-container\">\n\t\t\t\t\t\t\t\t\t\n<h2 class=\"wp-block-heading\">PROTECTION DES DONN\u00c9ES PERSONNELLES<\/h2>\n<p>L\u2019internaute fournit certaines donn\u00e9es personnelles en r\u00e9pondant aux formulaires de contact qui lui sont propos\u00e9s sur le Site. L&rsquo;enregistrement de ces donn\u00e9es est n\u00e9cessaire au traitement de leur demande par la soci\u00e9t\u00e9 SAS DIAR.<\/p>\n<p>La soci\u00e9t\u00e9 SAS DIAR s\u2019engage \u00e0 respecter le \u00ab R\u00e8glement g\u00e9n\u00e9ral sur la protection des donn\u00e9es \u00bb (RGPD) du Parlement europ\u00e9en et du Conseil du 27 avril 2016, et prendre de ce fait toute pr\u00e9caution n\u00e9cessaire pour pr\u00e9server la s\u00e9curit\u00e9 des informations nominatives confi\u00e9es.<\/p>\n<h3>Responsable du traitement<\/h3>\n<p>Thomas Arnaud, dirigeant de la soci\u00e9t\u00e9 SAS DIAR, traite les donn\u00e9es personnelles des internautes en qualit\u00e9 de responsable de traitement.<\/p>\n<h3>Donn\u00e9es personnelles trait\u00e9es et finalit\u00e9s de traitement<\/h3>\n<p>La soci\u00e9t\u00e9 SAS DIAR recueille sur le site des donn\u00e9es personnelles d\u2019internautes qui ont pris contact avec elle via les formulaires de contact. Ces donn\u00e9es sont n\u00e9cessaires pour r\u00e9pondre aux demandes des internautes.<br \/>La finalit\u00e9 de traitement de ces donn\u00e9es personnelles est de permettre \u00e0 la soci\u00e9t\u00e9 SAS DIAR de r\u00e9pondre \u00e0 des demandes de devis traiteur, livrer des plateaux repas, prendre des r\u00e9servations pour le Restaurant Metsens, ou r\u00e9pondre \u00e0 tout type de questions relatives \u00e0 son activit\u00e9.<\/p>\n<h3>Destinataires des donn\u00e9es personnelles<\/h3>\n<p>Les donn\u00e9es personnelles collect\u00e9es sur le Site sont trait\u00e9es uniquement par les membres de l\u2019\u00e9quipe de la soci\u00e9t\u00e9 SAS DIAR.<\/p>\n<h3>Dur\u00e9e de conservation des donn\u00e9es personnelles<\/h3>\n<p>La soci\u00e9t\u00e9 SAS DIAR s\u2019engage \u00e0 ne conserver ces donn\u00e9es personnelles que pour une dur\u00e9e maximale de deux ans \u00e0 compter du dernier contact avec l\u2019internaute, qu\u2019il soit \u00e0 l\u2019initiative de la soci\u00e9t\u00e9 SAS DIAR ou de l\u2019internaute.<\/p>\n<p>A l\u2019issue de cette dur\u00e9e, ou en cas de demande de l&rsquo;internaute, la soci\u00e9t\u00e9 SAS DIAR s\u2019engage \u00e0 d\u00e9truire toute copie des donn\u00e9es personnelles de l&rsquo;internaute qu\u2019il d\u00e9tiendrait.<\/p>\n<h3>S\u00e9curit\u00e9 des donn\u00e9es personnelles<\/h3>\n<p>La soci\u00e9t\u00e9 SAS DIAR s\u2019engage, au titre de son obligation de moyens, \u00e0 prendre toutes les pr\u00e9cautions, proc\u00e9dures techniques et organisation, pour garantir un niveau de s\u00e9curit\u00e9 optimal et pr\u00e9venir ainsi tout acc\u00e8s non autoris\u00e9 aux donn\u00e9es personnelles.<\/p>\n<h3>Droits des internautes sur leurs donn\u00e9es personnelles<\/h3>\n<p>Tout internaute a la possibilit\u00e9 d\u2019exercer son droit d\u2019acc\u00e8s, de rectification, d\u2019effacement, d\u2019opposition, de limitation du traitement, ou de r\u00e9vocation de son consentement, concernant les donn\u00e9es personnelles enregistr\u00e9es.<\/p>\n<p>Pour exercer l\u2019un de ces droits, il convient d\u2019adresser une demande par courriel \u00e0 l\u2019adresse suivante :\u00a0<a href=\"mailto:contact@metsens.fr\">contact@metsens.fr<\/a><\/p>\n<p>La soci\u00e9t\u00e9 SAS DIAR s\u2019engage \u00e0 y r\u00e9pondre dans les meilleurs d\u00e9lais, au plus tard dans un d\u00e9lai d\u2019un mois \u00e0 compter de la r\u00e9ception de la demande.<\/p>\n\t\t\t\t\t\t\t\t<\/div>\n\t\t\t\t<\/div>\n\t\t\t\t\t<\/div>\n\t\t\t\t<\/div>\n\t\t\t\t<\/div>\n\t\t","protected":false},"excerpt":{"rendered":"<p>PROTECTION DES DONN\u00c9ES PERSONNELLES L\u2019internaute fournit certaines donn\u00e9es personnelles en r\u00e9pondant aux formulaires de contact qui lui sont propos\u00e9s sur le Site. L&rsquo;enregistrement de ces donn\u00e9es est n\u00e9cessaire au traitement de leur demande par la soci\u00e9t\u00e9 SAS DIAR. La soci\u00e9t\u00e9 SAS DIAR s\u2019engage \u00e0 respecter le \u00ab R\u00e8glement g\u00e9n\u00e9ral sur la protection des donn\u00e9es \u00bb [&hellip;]<\/p>\n","protected":false},"author":1,"featured_media":0,"parent":0,"menu_order":0,"comment_status":"closed","ping_status":"open","template":"","meta":{"om_disable_all_campaigns":false,"_monsterinsights_skip_tracking":false,"_monsterinsights_sitenote_active":false,"_monsterinsights_sitenote_note":"","_monsterinsights_sitenote_category":0,"_uf_show_specific_survey":0,"_uf_disable_surveys":false,"footnotes":""},"class_list":["post-3","page","type-page","status-publish","hentry"],"aioseo_notices":[],"jetpack_sharing_enabled":true,"_links":{"self":[{"href":"https:\/\/metsens.fr\/traiteur\/wp-json\/wp\/v2\/pages\/3","targetHints":{"allow":["GET"]}}],"collection":[{"href":"https:\/\/metsens.fr\/traiteur\/wp-json\/wp\/v2\/pages"}],"about":[{"href":"https:\/\/metsens.fr\/traiteur\/wp-json\/wp\/v2\/types\/page"}],"author":[{"embeddable":true,"href":"https:\/\/metsens.fr\/traiteur\/wp-json\/wp\/v2\/users\/1"}],"replies":[{"embeddable":true,"href":"https:\/\/metsens.fr\/traiteur\/wp-json\/wp\/v2\/comments?post=3"}],"version-history":[{"count":3,"href":"https:\/\/metsens.fr\/traiteur\/wp-json\/wp\/v2\/pages\/3\/revisions"}],"predecessor-version":[{"id":91,"href":"https:\/\/metsens.fr\/traiteur\/wp-json\/wp\/v2\/pages\/3\/revisions\/91"}],"wp:attachment":[{"href":"https:\/\/metsens.fr\/traiteur\/wp-json\/wp\/v2\/media?parent=3"}],"curies":[{"name":"wp","href":"https:\/\/api.w.org\/{rel}","templated":true}]}}