{"id":1276,"date":"2024-01-05T09:19:59","date_gmt":"2024-01-05T08:19:59","guid":{"rendered":"https:\/\/metsens.fr\/traiteur\/?page_id=1276"},"modified":"2024-02-26T11:31:12","modified_gmt":"2024-02-26T10:31:12","slug":"mentions-legales","status":"publish","type":"page","link":"https:\/\/metsens.fr\/traiteur\/mentions-legales\/","title":{"rendered":"MENTIONS L\u00c9GALES"},"content":{"rendered":"\t\t<div data-elementor-type=\"wp-page\" data-elementor-id=\"1276\" class=\"elementor elementor-1276\" data-elementor-post-type=\"page\">\n\t\t\t\t<div class=\"elementor-element elementor-element-9747bee e-flex e-con-boxed e-con e-parent\" data-id=\"9747bee\" data-element_type=\"container\">\n\t\t\t\t\t<div class=\"e-con-inner\">\n\t\t\t\t<div class=\"elementor-element elementor-element-00eb169 elementor-widget elementor-widget-text-editor\" data-id=\"00eb169\" data-element_type=\"widget\" data-widget_type=\"text-editor.default\">\n\t\t\t\t<div class=\"elementor-widget-container\">\n\t\t\t\t\t\t\t\t\t<h3>MENTIONS L\u00c9GALES<\/h3><p>SOCI\u00c9T\u00c9 PRIORITAIRE DU SITE<br \/>Raison sociale : Metsens \u00e9dit\u00e9 par la soci\u00e9t\u00e9 SAS DIAR<br \/>167 All\u00e9e des lavandes<br \/>ZA de Fontvieille \u2013 13190 Allauch<br \/>T\u00e9l. : 04 96 21 84 14<\/p><p>Capital social : 50 000 euros<br \/>Code APE : 5621Z<br \/>N\u00b0 Siret : 511 604 548 00012<br \/>N\u00b0 TVA intracommunautaire : FR 19 511 604 548<\/p><p><strong>Directeur de publication : Thomas Arnaud<\/strong><\/p><h3>INFORMATIQUE ET LIBERT\u00c9S<\/h3><p>Article 34 de la Loi N\u00b0 78-17 du 6 janvier 1978 relative \u00e0 l\u2019information, aux fichiers et aux libert\u00e9s.<br \/>Vous disposerez d\u2019un droit d\u2019acc\u00e8s, de rectification et de suppression des donn\u00e9es nominatives vous concernant. Pour exercer ce droit, nous contacter par email (\u00a0<a href=\"mailto:contact@metsens.fr\">contact@metsens.fr<\/a>\u00a0) ou par courrier.<\/p><h3>CR\u00c9DITS<\/h3><p>Conception, cr\u00e9ation site internet : <a href=\"http:\/\/clementinesadosky.fr\">Cl\u00e9mentine Sadosky<\/a><br \/>D\u00e9veloppement web : <a href=\"http:\/\/clementinesadosky.fr\">Cl\u00e9mentine Sadosky<br \/><\/a><a href=\"https:\/\/fredericbouffier.com\">PMO : Frederic Bouffier<\/a><\/p><p>Photographies :\u00a0<a href=\"https:\/\/thomasbertini.com\/\" target=\"_blank\" rel=\"noopener\">Thomas Bertini<\/a> \/ <a href=\"https:\/\/www.intoomyeyes.com\/\">Intoomyeyes<\/a> \/ <a href=\"https:\/\/www.instagram.com\/luxdeymier\/\">Luxdeymier<\/a> \/ <a href=\"http:\/\/clementinesadosky.fr\">Cl\u00e9mentine Sadosky<\/a><br \/>Photos non contractuelles<\/p><div>\u00a0<\/div><div>\u00a0<\/div>\t\t\t\t\t\t\t\t<\/div>\n\t\t\t\t<\/div>\n\t\t\t\t\t<\/div>\n\t\t\t\t<\/div>\n\t\t\t\t<\/div>\n\t\t","protected":false},"excerpt":{"rendered":"<p>MENTIONS L\u00c9GALES SOCI\u00c9T\u00c9 PRIORITAIRE DU SITERaison sociale : Metsens \u00e9dit\u00e9 par la soci\u00e9t\u00e9 SAS DIAR167 All\u00e9e des lavandesZA de Fontvieille \u2013 13190 AllauchT\u00e9l. : 04 96 21 84 14 Capital social : 50 000 eurosCode APE : 5621ZN\u00b0 Siret : 511 604 548 00012N\u00b0 TVA intracommunautaire : FR 19 511 604 548 Directeur de publication [&hellip;]<\/p>\n","protected":false},"author":2,"featured_media":0,"parent":0,"menu_order":0,"comment_status":"closed","ping_status":"closed","template":"","meta":{"om_disable_all_campaigns":false,"_monsterinsights_skip_tracking":false,"_monsterinsights_sitenote_active":false,"_monsterinsights_sitenote_note":"","_monsterinsights_sitenote_category":0,"_uf_show_specific_survey":0,"_uf_disable_surveys":false,"footnotes":""},"class_list":["post-1276","page","type-page","status-publish","hentry"],"aioseo_notices":[],"jetpack_sharing_enabled":true,"_links":{"self":[{"href":"https:\/\/metsens.fr\/traiteur\/wp-json\/wp\/v2\/pages\/1276","targetHints":{"allow":["GET"]}}],"collection":[{"href":"https:\/\/metsens.fr\/traiteur\/wp-json\/wp\/v2\/pages"}],"about":[{"href":"https:\/\/metsens.fr\/traiteur\/wp-json\/wp\/v2\/types\/page"}],"author":[{"embeddable":true,"href":"https:\/\/metsens.fr\/traiteur\/wp-json\/wp\/v2\/users\/2"}],"replies":[{"embeddable":true,"href":"https:\/\/metsens.fr\/traiteur\/wp-json\/wp\/v2\/comments?post=1276"}],"version-history":[{"count":19,"href":"https:\/\/metsens.fr\/traiteur\/wp-json\/wp\/v2\/pages\/1276\/revisions"}],"predecessor-version":[{"id":2857,"href":"https:\/\/metsens.fr\/traiteur\/wp-json\/wp\/v2\/pages\/1276\/revisions\/2857"}],"wp:attachment":[{"href":"https:\/\/metsens.fr\/traiteur\/wp-json\/wp\/v2\/media?parent=1276"}],"curies":[{"name":"wp","href":"https:\/\/api.w.org\/{rel}","templated":true}]}}